{"id":7410,"date":"2020-12-09T12:25:01","date_gmt":"2020-12-09T17:25:01","guid":{"rendered":"https:\/\/posletrasufac.com\/?page_id=7410"},"modified":"2025-03-31T09:55:03","modified_gmt":"2025-03-31T14:55:03","slug":"portal-do-aluno-ufac-air-e-outros-servicos","status":"publish","type":"page","link":"https:\/\/posletrasufac.com\/es\/portal-do-aluno-ufac-air-e-outros-servicos\/","title":{"rendered":"Portal del estudiante, Ufac air y otros servicios"},"content":{"rendered":"<div class=\"wp-block-image\">\n<figure class=\"aligncenter size-large\"><a href=\"https:\/\/i0.wp.com\/posletrasufac.com\/wp-content\/uploads\/2020\/12\/3164e532-5c26-4a5a-bb3d-340ef577ae0c.jpeg?ssl=1\"><img data-recalc-dims=\"1\" loading=\"lazy\" decoding=\"async\" width=\"750\" height=\"331\" data-attachment-id=\"7411\" data-permalink=\"https:\/\/posletrasufac.com\/es\/portal-do-aluno-ufac-air-e-outros-servicos\/3164e532-5c26-4a5a-bb3d-340ef577ae0c\/\" data-orig-file=\"https:\/\/i0.wp.com\/posletrasufac.com\/wp-content\/uploads\/2020\/12\/3164e532-5c26-4a5a-bb3d-340ef577ae0c.jpeg?fit=750%2C331&amp;ssl=1\" data-orig-size=\"750,331\" data-comments-opened=\"0\" data-image-meta=\"{&quot;aperture&quot;:&quot;0&quot;,&quot;credit&quot;:&quot;&quot;,&quot;camera&quot;:&quot;&quot;,&quot;caption&quot;:&quot;&quot;,&quot;created_timestamp&quot;:&quot;0&quot;,&quot;copyright&quot;:&quot;&quot;,&quot;focal_length&quot;:&quot;0&quot;,&quot;iso&quot;:&quot;0&quot;,&quot;shutter_speed&quot;:&quot;0&quot;,&quot;title&quot;:&quot;&quot;,&quot;orientation&quot;:&quot;0&quot;}\" data-image-title=\"3164e532-5c26-4a5a-bb3d-340ef577ae0c\" data-image-description=\"\" data-image-caption=\"\" data-large-file=\"https:\/\/i0.wp.com\/posletrasufac.com\/wp-content\/uploads\/2020\/12\/3164e532-5c26-4a5a-bb3d-340ef577ae0c.jpeg?fit=750%2C331&amp;ssl=1\" src=\"https:\/\/i0.wp.com\/posletrasufac.com\/wp-content\/uploads\/2020\/12\/3164e532-5c26-4a5a-bb3d-340ef577ae0c.jpeg?resize=750%2C331&#038;ssl=1\" alt=\"\" class=\"wp-image-7411\" srcset=\"https:\/\/i0.wp.com\/posletrasufac.com\/wp-content\/uploads\/2020\/12\/3164e532-5c26-4a5a-bb3d-340ef577ae0c.jpeg?w=750&amp;ssl=1 750w, https:\/\/i0.wp.com\/posletrasufac.com\/wp-content\/uploads\/2020\/12\/3164e532-5c26-4a5a-bb3d-340ef577ae0c.jpeg?resize=300%2C132&amp;ssl=1 300w\" sizes=\"auto, (max-width: 750px) 100vw, 750px\" \/><\/a><\/figure>\n<\/div>\n\n\n<p class=\"wp-block-paragraph\">Desde 2012, los estudiantes de la Universidad Federal de Acre (Ufac) cuentan con acceso a diferentes informaciones acad\u00e9micas concentradas en un sistema de f\u00e1cil y simple acceso, el Portal del Estudiante. Desarrollado por el equipo del N\u00facleo de Tecnolog\u00eda e Informaci\u00f3n (NTI), el espacio ha simplificado la rutina de los discentes de todos los cursos de la instituci\u00f3n.&nbsp;<\/p>\n\n\n\n<p class=\"wp-block-paragraph\">\u201cA trav\u00e9s de cualquier dispositivo conectado a la internet, el estudiante de Ufac tiene condiciones de acceso a informaciones diversas de su curso. Muchas de las acciones que depend\u00edan, antes, de una visita a la coordinaci\u00f3n del curso, hoy, pueden hac\u00e9rselas desde su casa\u201d, destaca Edvandro Reckziegel, director del NTI.&nbsp; &nbsp;<\/p>\n\n\n\n<p class=\"wp-block-paragraph\">A trav\u00e9s del Portal del Estudiante, por ejemplo, el alumno puede realizar la nombrada inscripci\u00f3n curricular - inscripci\u00f3n semestral en las disciplinas que se pretenda cursar en el per\u00edodo - un procedimiento exigido por todas las coordinaciones a cada comienzo de semestre. La emisi\u00f3n de documentos acad\u00e9micos como hist\u00f3rico escolar, certificados m\u00e9dicos y prueba de inscripci\u00f3n, adem\u00e1s de eso, el acompa\u00f1amiento de los horarios, notas y faltas en todas las asignaturas inscritas son algunos de los servicios disponibles en el sistema que permite el acceso directo al calendario acad\u00e9mico y al acervo de la biblioteca.<\/p>\n\n\n\n<p class=\"wp-block-paragraph\">El acceso al Portal del Estudiante exige la utilizaci\u00f3n de una credencial de usuario y contrase\u00f1a. Para el primer acceso, el estudiante necesita informar el CPF (como usuario) y la fecha de nacimiento (como contrase\u00f1a).<\/p>\n\n\n\n<p class=\"wp-block-paragraph\"><strong>Internet libre<\/strong>&nbsp;- En todo el campus sede - incluido aulas de clase, laboratios, teatro universitario, centro de convenciones, restaurante universitario y parque zoobot\u00e1nico (PZ) - los estudiantes tienen a su disposici\u00f3n el servicio de internet inal\u00e1mbrica, la \u201cUfac Air\u201d.&nbsp;<\/p>\n\n\n\n<p class=\"wp-block-paragraph\">El primer paso para acceder al servicio es activar el Sistema de Gesti\u00f3n de Identidad Virtual de Ufac (IdUfac), que permite la creaci\u00f3n de una credencial \u00fanica (usuario y contrase\u00f1a) para el acceso y utilizaci\u00f3n de todos los servicios de tecnolog\u00eda de informaci\u00f3n y comunicaci\u00f3n (TIC) de Ufac.<\/p>\n\n\n\n<p class=\"wp-block-paragraph\">\u201cTodos los funcionarios y alumnos que est\u00e9n con v\u00ednculo activo con Ufac, ya poseen su IdUfac, siendo necesario solo ejecutar los procedimientos de activaci\u00f3n y creaci\u00f3n de la contrase\u00f1a personal e intransferible\u201d, explica Reckziegel.<\/p>\n\n\n\n<p class=\"wp-block-paragraph\">Para activar el IdUfac, el estudiante debe acceder al sitio&nbsp;<strong><a href=\"https:\/\/id.ufac.br\/\">https:\/\/id.ufac.br\/<\/a><\/strong>&nbsp;e informar su CPF y e-mail registrado en el momento de la inscripci\u00f3n institucional. \u201cUna vez ejecutado este procedimiento, un enlace es enviado a al e-mail cadastrado, redireccionando el estudiante a una p\u00e1gina web para cadastrar la contrase\u00f1a que se utiliza en los servicios\u201d, detalla Edvandro. Alerta que \u201cadem\u00e1s de una bandeja de entrada, es importante que se verifique el buz\u00f3n de spam del e-mail en esta etapa\u201d, alerta.&nbsp;&nbsp;<\/p>\n\n\n\n<p class=\"wp-block-paragraph\">Una vez activada y creada la contrase\u00f1a para el IdUfac, el acceso a Ufac Air (limitada a dos dispositivos conectados simult\u00e1neamente para un mismo IdUfac), es autom\u00e1ticamente liberado.<\/p>\n\n\n\n<p class=\"wp-block-paragraph\"><strong>Otros servicios:<\/strong><\/p>\n\n\n\n<p class=\"wp-block-paragraph\"><strong>Portal de la Biblioteca<\/strong>&nbsp;\u2013 inaugurado en 2014, el espacio permite que e\u00e7 alumno realice consultas al acervo biliogr\u00e1fico de UFAC, as\u00ed como la reserva de libros retirados en la Biblioteca. Asimismo es posible renovar de un pr\u00e9stamo desde que no haya ning\u00fan retraso en el nombre del estudiante. El usuario y contrase\u00f1a solicitados para el acceso son los mismos utilizados actualmente en el Portal del Estudiante. Muy pronto, sin embargo, se exigir\u00e1 la credencial universal de \u201cMi Acceso\u201d.<\/p>\n\n\n\n<p class=\"wp-block-paragraph\"><strong>Portal de Comunicaci\u00f3n<\/strong>&nbsp;\u2013 inaugurado em 2012, este Portal est\u00e1 integrado a los Portales del Estudiante y Profesor, y permite la disponibilidad de informes a los estudiantes. El profesor tiene todav\u00eda la opci\u00f3n de enviar una informaci\u00f3n espec\u00edfica para los correos electr\u00f3nicos de los estudiantes de una determinada clase, de ah\u00ed la importancia de que el estudiante mantenga su direcci\u00f3n de correo actualizada en el Portal del Estudiante.<\/p>\n\n\n\n<p class=\"wp-block-paragraph\"><strong>Acceso a los Peri\u00f3dicos de Capes<\/strong>&nbsp;\u2013 los Peri\u00f3dicos de Capes pueden ser accedidos libremente por cualquier usuario que est\u00e9 en el Campus de Ufac. El acceso no es posible desde la residencia o del trabajo del estudiante. \u201cCon la intenci\u00f3n de permitir este acceso, fue disponibilizado un servicio de proxy que puede ser utilizado por las personas que necesitan acceder a los peri\u00f3dicos en una red fuera de UFAC\u201d, informa el director del NTI. Para m\u00e1s informaciones sobre los procedimientos que necesitan ser efectuados, se aconseja leer el manual disponible en el enlace&nbsp;<strong><a href=\"https:\/\/sistemas.ufac.br\/home\/servicos\/eduroam\/\" target=\"_blank\" rel=\"noreferrer noopener\">http:\/\/redesemfio.ufac.br<\/a><\/strong>Se destaca tambi\u00e9n que para hacer uso de este proxy es necesario la credencial del IdUfac.<\/p>\n\n\n\n<p class=\"wp-block-paragraph\">Informaci\u00f3n disponible en: <a rel=\"noreferrer noopener\" href=\"http:\/\/www2.ufac.br\/site\/noticias\/2017\/calouroufac-portal-do-aluno-ufac-air-e-outros-servicos#:~:text=Para%20ativar%20o%20IdUfac%2C%20o,no%20ato%20da%20matr%C3%ADcula%20institucional.\" target=\"_blank\">www.ufac.br<\/a><\/p>\n\n\n\n<p class=\"wp-block-paragraph\"><\/p>\n\n\n\n<figure class=\"wp-block-image size-large\"><a href=\"https:\/\/i0.wp.com\/posletrasufac.com\/wp-content\/uploads\/2020\/12\/Sem-titulo.png?ssl=1\"><img data-recalc-dims=\"1\" loading=\"lazy\" decoding=\"async\" width=\"750\" height=\"306\" data-attachment-id=\"7417\" data-permalink=\"https:\/\/posletrasufac.com\/es\/portal-do-aluno-ufac-air-e-outros-servicos\/sem-titulo-4\/\" data-orig-file=\"https:\/\/i0.wp.com\/posletrasufac.com\/wp-content\/uploads\/2020\/12\/Sem-titulo.png?fit=993%2C405&amp;ssl=1\" data-orig-size=\"993,405\" data-comments-opened=\"0\" data-image-meta=\"{&quot;aperture&quot;:&quot;0&quot;,&quot;credit&quot;:&quot;&quot;,&quot;camera&quot;:&quot;&quot;,&quot;caption&quot;:&quot;&quot;,&quot;created_timestamp&quot;:&quot;0&quot;,&quot;copyright&quot;:&quot;&quot;,&quot;focal_length&quot;:&quot;0&quot;,&quot;iso&quot;:&quot;0&quot;,&quot;shutter_speed&quot;:&quot;0&quot;,&quot;title&quot;:&quot;&quot;,&quot;orientation&quot;:&quot;0&quot;}\" data-image-title=\"Sem-titulo\" data-image-description=\"\" data-image-caption=\"\" data-large-file=\"https:\/\/i0.wp.com\/posletrasufac.com\/wp-content\/uploads\/2020\/12\/Sem-titulo.png?fit=750%2C306&amp;ssl=1\" src=\"https:\/\/i0.wp.com\/posletrasufac.com\/wp-content\/uploads\/2020\/12\/Sem-titulo.png?resize=750%2C306&#038;ssl=1\" alt=\"\" class=\"wp-image-7417\" srcset=\"https:\/\/i0.wp.com\/posletrasufac.com\/wp-content\/uploads\/2020\/12\/Sem-titulo.png?w=993&amp;ssl=1 993w, https:\/\/i0.wp.com\/posletrasufac.com\/wp-content\/uploads\/2020\/12\/Sem-titulo.png?resize=300%2C122&amp;ssl=1 300w, https:\/\/i0.wp.com\/posletrasufac.com\/wp-content\/uploads\/2020\/12\/Sem-titulo.png?resize=768%2C313&amp;ssl=1 768w\" sizes=\"auto, (max-width: 750px) 100vw, 750px\" \/><\/a><\/figure>\n\n\n\n<h2 class=\"wp-block-heading\">ACCESO A G SUITE UFAC<\/h2>\n\n\n\n<p class=\"wp-block-paragraph\">El primer acceso a G Suite requiere la activaci\u00f3n de su cuenta. Solo tendr\u00e1 que realizar esta operaci\u00f3n una vez y ya tendr\u00e1 acceso a todas las herramientas del paquete. Lea las instrucciones y, a continuaci\u00f3n, haga clic en el bot\u00f3n \u00abRestablecer contrase\u00f1a\u00bb.<\/p>\n\n\n<div class=\"wp-block-image\">\n<figure class=\"aligncenter size-large\"><a href=\"https:\/\/id.ufac.br\/ssp-aluno\/\"><img data-recalc-dims=\"1\" loading=\"lazy\" decoding=\"async\" width=\"566\" height=\"259\" data-attachment-id=\"7420\" data-permalink=\"https:\/\/posletrasufac.com\/es\/portal-do-aluno-ufac-air-e-outros-servicos\/sem-titulo11\/\" data-orig-file=\"https:\/\/i0.wp.com\/posletrasufac.com\/wp-content\/uploads\/2020\/12\/Sem-titulo11.png?fit=566%2C259&amp;ssl=1\" data-orig-size=\"566,259\" data-comments-opened=\"0\" data-image-meta=\"{&quot;aperture&quot;:&quot;0&quot;,&quot;credit&quot;:&quot;&quot;,&quot;camera&quot;:&quot;&quot;,&quot;caption&quot;:&quot;&quot;,&quot;created_timestamp&quot;:&quot;0&quot;,&quot;copyright&quot;:&quot;&quot;,&quot;focal_length&quot;:&quot;0&quot;,&quot;iso&quot;:&quot;0&quot;,&quot;shutter_speed&quot;:&quot;0&quot;,&quot;title&quot;:&quot;&quot;,&quot;orientation&quot;:&quot;0&quot;}\" data-image-title=\"Sem-titulo11\" data-image-description=\"\" data-image-caption=\"\" data-large-file=\"https:\/\/i0.wp.com\/posletrasufac.com\/wp-content\/uploads\/2020\/12\/Sem-titulo11.png?fit=566%2C259&amp;ssl=1\" src=\"https:\/\/i0.wp.com\/posletrasufac.com\/wp-content\/uploads\/2020\/12\/Sem-titulo11.png?resize=566%2C259&#038;ssl=1\" alt=\"\" class=\"wp-image-7420\" srcset=\"https:\/\/i0.wp.com\/posletrasufac.com\/wp-content\/uploads\/2020\/12\/Sem-titulo11.png?w=566&amp;ssl=1 566w, https:\/\/i0.wp.com\/posletrasufac.com\/wp-content\/uploads\/2020\/12\/Sem-titulo11.png?resize=300%2C137&amp;ssl=1 300w\" sizes=\"auto, (max-width: 566px) 100vw, 566px\" \/><\/a><\/figure>\n<\/div>\n\n\n<h2 class=\"wp-block-heading\">Instrucciones de acceso para estudiantes<\/h2>\n\n\n\n<p class=\"wp-block-paragraph\">1. La primera vez que acceda, deber\u00e1&nbsp;<strong>necesita crear una nueva contrase\u00f1a<\/strong>. Para ello, haga clic en el bot\u00f3n \u00abRestablecer contrase\u00f1a\u00bb.<\/p>\n\n\n\n<p class=\"wp-block-paragraph\">2. Se le redirigir\u00e1 a la p\u00e1gina del Servicio de contrase\u00f1as de G Suite.<\/p>\n\n\n\n<p class=\"wp-block-paragraph\">3. Introduzca su nombre de usuario y su correo electr\u00f3nico de contacto registrado en la UFAC. Haga clic en \u00abEnviar\u00bb.<br><br>4. Recibir\u00e1s un correo electr\u00f3nico con las instrucciones y un enlace para restablecer tu contrase\u00f1a.<\/p>\n\n\n\n<p class=\"wp-block-paragraph\"><strong>Ahhh!<\/strong>&nbsp;Si no sabe cu\u00e1l es su nombre de usuario,&nbsp;<strong><a href=\"https:\/\/sistemas2.ufac.br\/acesso_gsuite\/\">haga clic aqu\u00ed<\/a><\/strong>&nbsp;para solicitar.<\/p>\n\n\n\n<p class=\"wp-block-paragraph\">IMPORTANTE: antes de activar la cuenta, el sistema mostrar\u00e1 los T\u00e9rminos de servicio y la Pol\u00edtica de privacidad de Google. Antes de confirmar la aceptaci\u00f3n, recomendamos leer atentamente los t\u00e9rminos.<\/p>\n\n\n\n<p class=\"wp-block-paragraph\"><strong>\u00bfHa activado su cuenta? \u00a1Enhorabuena!<\/strong><br>Ahora ya puede utilizar las funciones que ofrece G Suite. Las encontrar\u00e1 en el Panel de control de\u00a0<em>G Suite<\/em>\u00a0de la UFAC, en la direcci\u00f3n\u00a0<strong><a href=\"https:\/\/sistemas.ufac.br\/home\/servicos\/email\/\" target=\"_blank\" rel=\"noreferrer noopener\">gsuite.google.com\/dashboard<\/a>.<\/strong>\u00a0Es necesario iniciar sesi\u00f3n en la cuenta para ver todas las herramientas.<br>Utilice siempre el nombre de usuario que se le proporcion\u00f3 durante la fase de activaci\u00f3n de la cuenta, teniendo en cuenta la siguiente regla:<br>\u2013 Servidor de la UFAC (docente o TAE): nombre de usuario seguido del dominio @ufac.br. Ejemplo:\u00a0<strong>machado.assis@ufac.br<\/strong>;<br>\u2013 Estudiante de la UFAC: nombre de usuario seguido del dominio @sou.ufac.br. Ejemplo:\u00a0<strong>rachel.queiroz@sou.ufac.br<\/strong>.<\/p>\n\n\n\n<h2 class=\"wp-block-heading\">\u00bfQU\u00c9 ES G SUITE?<\/h2>\n\n\n\n<p class=\"wp-block-paragraph\">El&nbsp;<em>G Suite for Education<\/em>&nbsp; es un paquete de soluciones digitales desarrollado por Google que re\u00fane diversas herramientas de productividad, comunicaci\u00f3n y colaboraci\u00f3n entre usuarios. Creado especialmente para actividades de ense\u00f1anza y aprendizaje, el&nbsp;<em>G Suite for Education<\/em>&nbsp;Se ofrece de forma gratuita a las instituciones educativas y re\u00fane soluciones como el correo electr\u00f3nico.&nbsp;<strong>GMail<\/strong>&nbsp; y el repositorio de archivos&nbsp;<strong>Drive<\/strong>, ambos con almacenamiento ilimitado; el&nbsp;<strong>Meet<\/strong>, webconferencia para hasta 100 personas; el&nbsp;<strong>Classroom<\/strong>, aula virtual colaborativa para actividades de ense\u00f1anza y aprendizaje; el&nbsp;<strong>Docs<\/strong>, para editar textos, hojas de c\u00e1lculo y presentaciones web; el&nbsp;<strong>Forms<\/strong>&nbsp;, para crear, compartir y recopilar formularios en l\u00ednea; y el&nbsp;<strong>Agenda<\/strong>, que ayuda a organizar citas de forma sincronizada con todas las herramientas ya mencionadas. La UFAC pone a disposici\u00f3n de la comunidad acad\u00e9mica los servicios mencionados anteriormente y ofrece esta p\u00e1gina como centro de informaci\u00f3n y orientaci\u00f3n para los nuevos usuarios. Si\u00e9ntase libre de aprovechar los recursos que G Suite tiene para ofrecer.<\/p>\n\n\n\n<p class=\"wp-block-paragraph\">Canales de contacto y soporte<br>Asuntos t\u00e9cnicos en general<br>Comunicaciones, informes, proveedores: nti@ufac.br<br>Tel\u00e9fono: (68) 3229-4218<\/p>","protected":false},"excerpt":{"rendered":"<p>Desde 2012, os estudantes da Universidade Federal do Acre (Ufac) contam com o acesso a diferentes informa\u00e7\u00f5es acad\u00eamicas concentradas em um sistema de f\u00e1cil e simples acesso, o Portal do Aluno. Desenvolvido pela equipe do N\u00facleo de Tecnologia e Informa\u00e7\u00e3o<\/p>","protected":false},"author":65883018,"featured_media":0,"parent":0,"menu_order":0,"comment_status":"closed","ping_status":"closed","template":"","meta":{"_coblocks_attr":"","_coblocks_dimensions":"","_coblocks_responsive_height":"","_coblocks_accordion_ie_support":"","_crdt_document":"","advanced_seo_description":"","jetpack_seo_html_title":"","jetpack_seo_noindex":false,"footnotes":""},"class_list":["post-7410","page","type-page","status-publish","hentry"],"jetpack_likes_enabled":false,"jetpack_sharing_enabled":true,"jetpack_shortlink":"https:\/\/wp.me\/P4Na16-1Vw","amp_enabled":true,"_links":{"self":[{"href":"https:\/\/posletrasufac.com\/es\/wp-json\/wp\/v2\/pages\/7410","targetHints":{"allow":["GET"]}}],"collection":[{"href":"https:\/\/posletrasufac.com\/es\/wp-json\/wp\/v2\/pages"}],"about":[{"href":"https:\/\/posletrasufac.com\/es\/wp-json\/wp\/v2\/types\/page"}],"author":[{"embeddable":true,"href":"https:\/\/posletrasufac.com\/es\/wp-json\/wp\/v2\/users\/65883018"}],"replies":[{"embeddable":true,"href":"https:\/\/posletrasufac.com\/es\/wp-json\/wp\/v2\/comments?post=7410"}],"version-history":[{"count":9,"href":"https:\/\/posletrasufac.com\/es\/wp-json\/wp\/v2\/pages\/7410\/revisions"}],"predecessor-version":[{"id":15010,"href":"https:\/\/posletrasufac.com\/es\/wp-json\/wp\/v2\/pages\/7410\/revisions\/15010"}],"wp:attachment":[{"href":"https:\/\/posletrasufac.com\/es\/wp-json\/wp\/v2\/media?parent=7410"}],"curies":[{"name":"wp","href":"https:\/\/api.w.org\/{rel}","templated":true}]}}