{"id":5928,"date":"2020-04-03T11:11:45","date_gmt":"2020-04-03T16:11:45","guid":{"rendered":"http:\/\/posletrasufac.com\/?page_id=5928"},"modified":"2026-02-05T10:50:58","modified_gmt":"2026-02-05T15:50:58","slug":"formularios","status":"publish","type":"page","link":"https:\/\/posletrasufac.com\/es\/formularios\/","title":{"rendered":"Solicitudes y formularios"},"content":{"rendered":"<p class=\"wp-block-paragraph\">En esta p\u00e1gina encontrar\u00e1 plantillas para diversas peticiones que se utilizar\u00e1n en las solicitudes dirigidas a la coordinaci\u00f3n\/junta directiva de PPGLI, que deber\u00e1n enviarse exclusivamente v\u00eda <a href=\"https:\/\/sei.ufac.br\/sei\/controlador_externo.php?acao=usuario_externo_logar&amp;acao_origem=usuario_externo_gerar_senha&amp;id_orgao_acesso_externo=0\" target=\"_blank\" rel=\"noreferrer noopener\">SEI<\/a><\/p>\n\n\n\n<p class=\"wp-block-paragraph\">Asimismo, a continuaci\u00f3n encontrar\u00e1 enlaces a formularios electr\u00f3nicos para recopilar informaci\u00f3n, como informes de evaluaci\u00f3n o datos de los graduados.<\/p>\n\n\n\n<p class=\"wp-block-paragraph\"><strong>PARA PROFESORES<\/strong><\/p>\n\n\n\n<p class=\"wp-block-paragraph\"><a href=\"https:\/\/docs.google.com\/forms\/d\/e\/1FAIpQLScKbio8ATPdADiBBemgQywErg5z7rIjshpLCYAStmPgvqyWiQ\/viewform\">Evaluaci\u00f3n semestral de resultados<\/a><\/p>\n\n\n\n<p class=\"wp-block-paragraph\"><a href=\"https:\/\/docs.google.com\/document\/d\/14ykZn8nogKxykwDzOHSNWLNZYdaKyiCV\/edit?usp=sharing&amp;ouid=102502596795982921316&amp;rtpof=true&amp;sd=true\">Solicitud de nombramiento de un co-supervisor<\/a><\/p>\n\n\n\n<p class=\"wp-block-paragraph\"><a href=\"https:\/\/docs.google.com\/document\/d\/1L1OtQT9x04Q5ShwDJLrDnbRAS-5DhWk0\/edit?usp=sharing&amp;ouid=102502596795982921316&amp;rtpof=true&amp;sd=true\">Solicitud de pr\u00f3rroga del periodo de cualificaci\u00f3n<\/a><\/p>\n\n\n\n<p class=\"wp-block-paragraph\"><a href=\"https:\/\/docs.google.com\/document\/d\/1oZ7UqMqThQkfWdiVOIlUBATfpV4lb5S9\/edit?usp=sharing&amp;ouid=102502596795982921316&amp;rtpof=true&amp;sd=true\">Solicitud de pr\u00f3rroga del plazo de defensa<\/a><\/p>\n\n\n\n<p class=\"wp-block-paragraph\"><a href=\"https:\/\/docs.google.com\/document\/d\/1nn9GBbO4a2FLonhZqN8gcoZxFvU6IrcP\/edit?usp=sharing&amp;ouid=102502596795982921316&amp;rtpof=true&amp;sd=true\">Solicitud de aprobaci\u00f3n de disertaci\u00f3n\/tesis<\/a> (<a href=\"https:\/\/docs.google.com\/document\/d\/1WICDBJro9uXesyL6droezb-KGhGP7LMD\/edit?usp=sharing&amp;ouid=102502596795982921316&amp;rtpof=true&amp;sd=true\" target=\"_blank\" rel=\"noreferrer noopener\">Orientaciones para solicitar la aprobaci\u00f3n de una disertaci\u00f3n\/tesis<\/a>)<\/p>\n\n\n\n<p class=\"wp-block-paragraph\"><a href=\"https:\/\/docs.google.com\/document\/d\/1YSyiCAmQ6LB6KPT3MGtWFfxPVOcJ9Jwt\/edit?usp=sharing&amp;ouid=102502596795982921316&amp;rtpof=true&amp;sd=true\" target=\"_blank\" rel=\"noreferrer noopener\">Orientaciones para solicitar la programaci\u00f3n de calificaciones y defensas - M\u00e1steres y Doctorados<\/a><\/p>\n\n\n\n<p class=\"wp-block-paragraph\"><strong>PARA ESTUDIANTES<\/strong><\/p>\n\n\n\n<p style=\"font-weight:normal;text-transform:initial\" class=\"has-custom-weight has-custom-transform wp-block-paragraph\"><a href=\"https:\/\/docs.google.com\/document\/d\/1aCrCDw0Q618A0KqqxFqP9Fia1SYli3DB\/edit\" target=\"_blank\" rel=\"noreferrer noopener\">Informe semestral<\/a><\/p>\n\n\n\n<p class=\"wp-block-paragraph\"><a href=\"https:\/\/docs.google.com\/document\/d\/1cI20WTaxVSCjHZH3vz0HxGILLHqH1Hy5\/edit?usp=sharing&amp;ouid=102502596795982921316&amp;rtpof=true&amp;sd=true\">Informe de pr\u00e1cticas docentes<\/a><\/p>\n\n\n\n<p class=\"wp-block-paragraph\"><a href=\"https:\/\/docs.google.com\/document\/d\/1MckZSf37NAR5B59K7eqrkzlfGcNMMdaw\/edit?usp=sharing&amp;ouid=102502596795982921316&amp;rtpof=true&amp;sd=true\">Solicitud de pr\u00e1cticas docentes<\/a><\/p>\n\n\n\n<p class=\"wp-block-paragraph\"><a href=\"https:\/\/docs.google.com\/document\/d\/1OLN__VOsfhEOTo5VtnF-GEKIsRL-XvSk\/edit?usp=sharing&amp;ouid=102502596795982921316&amp;rtpof=true&amp;sd=true\">Solicitud de actividades programadas - Doctorado<\/a><\/p>\n\n\n\n<p class=\"wp-block-paragraph\"><a href=\"https:\/\/docs.google.com\/document\/d\/1wf-4OkL-rASqBe2_P_A1j9XxWOmtGJJD\/edit?usp=sharing&amp;ouid=102502596795982921316&amp;rtpof=true&amp;sd=true\">Solicitud de actividades complementarias - M\u00e1ster<\/a><\/p>\n\n\n\n<p class=\"wp-block-paragraph\"><a href=\"https:\/\/docs.google.com\/document\/d\/1JS-PCokvl2Mjwbz1bVK7yjpQnIz391Bm\/edit?usp=sharing&amp;ouid=102502596795982921316&amp;rtpof=true&amp;sd=true\">Solicitud de examen de lectura en lengua(s)<\/a><\/p>\n\n\n\n<p class=\"wp-block-paragraph\"><a href=\"https:\/\/docs.google.com\/document\/d\/1PuyVvdCdo8-vm6N69ruWHOwwBzkq_3aU\/edit?usp=sharing&amp;ouid=102502596795982921316&amp;rtpof=true&amp;sd=true\">Solicitud de aprovechamiento de cursos<\/a><\/p>\n\n\n\n<p class=\"wp-block-paragraph\"><a href=\"https:\/\/drive.google.com\/file\/d\/1KAYp4xUbLUEaFw31mb8O2qw04eIes83L\/view?usp=sharing\">Solicitud de formulario de catalogaci\u00f3n - orientaciones<\/a><\/p>\n\n\n\n<p class=\"wp-block-paragraph\"><a href=\"https:\/\/docs.google.com\/document\/d\/14JSutzgEf-OgFgy4j9z5k50uCYyS7xoG\/edit?usp=sharing&amp;ouid=102502596795982921316&amp;rtpof=true&amp;sd=true\">Solicitud de cat\u00e1logo<\/a><\/p>\n\n\n\n<p class=\"wp-block-paragraph\"><a href=\"https:\/\/docs.google.com\/document\/d\/1NPdvo65Io_fne8zUHwf4aGuxkY8Sn_uo\/edit?usp=sharing&amp;ouid=102502596795982921316&amp;rtpof=true&amp;sd=true\">Solicitud de baja del curso<\/a><\/p>\n\n\n\n<p class=\"wp-block-paragraph\"><a href=\"https:\/\/docs.google.com\/document\/d\/1vh1L2ctaXpWY-W0LeoqCkBLqLBdd-BW5\/edit?usp=sharing&amp;ouid=102502596795982921316&amp;rtpof=true&amp;sd=true\">Solicitud<\/a> <a href=\"https:\/\/docs.google.com\/document\/d\/1vh1L2ctaXpWY-W0LeoqCkBLqLBdd-BW5\/edit?usp=sharing&amp;ouid=102502596795982921316&amp;rtpof=true&amp;sd=true\">de anulaci\u00f3n de un curso<\/a><\/p>\n\n\n\n<p class=\"wp-block-paragraph\"><a href=\"https:\/\/docs.google.com\/document\/d\/1nY-PDVUzUYQ6e_3lPiVCaD6Pg6ZFrlIS\/edit?usp=sharing&amp;ouid=116707119742814573950&amp;rtpof=true&amp;sd=true\">Solicitud de inscripci\u00f3n online<\/a><\/p>\n\n\n\n<p class=\"wp-block-paragraph\"><a href=\"https:\/\/docs.google.com\/document\/d\/15NTf1t0Z6mU6VHqvQ_RT0xfeSr8OlNJT\/edit?usp=share_link&amp;ouid=108436929979955917422&amp;rtpof=true&amp;sd=true\">Solicitud de autorizaci\u00f3n para modificar un proyecto<\/a><\/p>\n\n\n\n<p class=\"wp-block-paragraph\"><a href=\"https:\/\/docs.google.com\/document\/d\/1SM7Os-ertFQotVpVMwxqjNzeqBcYH2-a\/edit?usp=sharing&amp;ouid=102502596795982921316&amp;rtpof=true&amp;sd=true\">Declaraci\u00f3n de SINDCOL\/RBTRANS<\/a><\/p>\n\n\n\n<p class=\"wp-block-paragraph\"><a href=\"https:\/\/docs.google.com\/document\/d\/1t-aQPjAh9gMc1Kvf_5hSHbMs31S9ajqk\/edit?usp=sharing&amp;ouid=102502596795982921316&amp;rtpof=true&amp;sd=true\">Formulario de autorizaci\u00f3n de divulgaci\u00f3n - Disertaci\u00f3n\/Tesis<\/a><\/p>\n\n\n\n<p class=\"wp-block-paragraph\"><a href=\"https:\/\/docs.google.com\/document\/d\/1_OZb5-j9at_Wy6xDXXfHH8WXeTbaG302\/edit?usp=sharing&amp;ouid=102502596795982921316&amp;rtpof=true&amp;sd=true\" target=\"_blank\" rel=\"noreferrer noopener\">Orienta\u00e7\u00f5es para a solicita\u00e7\u00e3o de expedi\u00e7\u00e3o de diploma<\/a><\/p>\n\n\n\n<p class=\"wp-block-paragraph\"><strong>PARA ESTUDIANTES ESPECIALES<\/strong><\/p>\n\n\n\n<p class=\"wp-block-paragraph\"><a href=\"https:\/\/docs.google.com\/document\/d\/1r3kcNCoQ71x8v7bKmAjdwyVxuwjr871X\/edit?usp=sharing&amp;ouid=102502596795982921316&amp;rtpof=true&amp;sd=true\" target=\"_blank\" rel=\"noreferrer noopener\">Solicitud de matr\u00edcula para alumnos especiales vinculados a los PPG<\/a><\/p>\n\n\n\n<p class=\"wp-block-paragraph\"><a href=\"https:\/\/docs.google.com\/document\/d\/1rvLyESbbYL1MJ3joY_aGhv-BMyJ--pwz\/edit?usp=sharing&amp;ouid=102502596795982921316&amp;rtpof=true&amp;sd=true\" target=\"_blank\" rel=\"noreferrer noopener\">Solicitud de matr\u00edcula para alumnos especiales no vinculados a los PPG<\/a><\/p>\n\n\n\n<h4 class=\"wp-block-heading\"><strong>ORIENTACIONES PARA EL ACCESO A LAS APLICACIONES<\/strong><\/h4>\n\n\n\n<p class=\"wp-block-paragraph\">Para acceder a los documentos anteriores, haga clic en el archivo deseado. El archivo se abrir\u00e1 en Google Docs. No puede editarlo directamente.  Debe descargar el archivo, guardarlo en su ordenador y luego rellenarlo.<\/p>\n\n\n<div class=\"wp-block-image\">\n<figure class=\"aligncenter size-large\"><a href=\"https:\/\/i0.wp.com\/posletrasufac.com\/wp-content\/uploads\/2022\/07\/Tutorial.png?ssl=1\"><img data-recalc-dims=\"1\" loading=\"lazy\" decoding=\"async\" width=\"750\" height=\"347\" data-attachment-id=\"9538\" data-permalink=\"https:\/\/posletrasufac.com\/es\/formularios\/tutorial\/\" data-orig-file=\"https:\/\/i0.wp.com\/posletrasufac.com\/wp-content\/uploads\/2022\/07\/Tutorial.png?fit=1323%2C612&amp;ssl=1\" data-orig-size=\"1323,612\" data-comments-opened=\"0\" data-image-meta=\"{&quot;aperture&quot;:&quot;0&quot;,&quot;credit&quot;:&quot;&quot;,&quot;camera&quot;:&quot;&quot;,&quot;caption&quot;:&quot;&quot;,&quot;created_timestamp&quot;:&quot;0&quot;,&quot;copyright&quot;:&quot;&quot;,&quot;focal_length&quot;:&quot;0&quot;,&quot;iso&quot;:&quot;0&quot;,&quot;shutter_speed&quot;:&quot;0&quot;,&quot;title&quot;:&quot;&quot;,&quot;orientation&quot;:&quot;0&quot;}\" data-image-title=\"Tutorial\" data-image-description=\"\" data-image-caption=\"\" data-large-file=\"https:\/\/i0.wp.com\/posletrasufac.com\/wp-content\/uploads\/2022\/07\/Tutorial.png?fit=750%2C347&amp;ssl=1\" src=\"https:\/\/i0.wp.com\/posletrasufac.com\/wp-content\/uploads\/2022\/07\/Tutorial.png?resize=750%2C347&#038;ssl=1\" alt=\"\" class=\"wp-image-9538\" srcset=\"https:\/\/i0.wp.com\/posletrasufac.com\/wp-content\/uploads\/2022\/07\/Tutorial.png?resize=1024%2C474&amp;ssl=1 1024w, https:\/\/i0.wp.com\/posletrasufac.com\/wp-content\/uploads\/2022\/07\/Tutorial.png?resize=300%2C139&amp;ssl=1 300w, https:\/\/i0.wp.com\/posletrasufac.com\/wp-content\/uploads\/2022\/07\/Tutorial.png?resize=768%2C355&amp;ssl=1 768w, https:\/\/i0.wp.com\/posletrasufac.com\/wp-content\/uploads\/2022\/07\/Tutorial.png?resize=1200%2C555&amp;ssl=1 1200w, https:\/\/i0.wp.com\/posletrasufac.com\/wp-content\/uploads\/2022\/07\/Tutorial.png?w=1323&amp;ssl=1 1323w\" sizes=\"auto, (max-width: 750px) 100vw, 750px\" \/><\/a><\/figure>\n<\/div>\n\n\n<h2 class=\"wp-block-heading\"><strong>Formularios<\/strong> <strong>Electr\u00f3nicos<\/strong><\/h2>\n\n\n\n<p class=\"wp-block-paragraph\"><strong>PARA PROFESORES<\/strong><\/p>\n\n\n\n<p class=\"wp-block-paragraph\"><a href=\"https:\/\/forms.gle\/FEmugC4xgmnGWZSUA\">Evaluaci\u00f3n semestral del rendimiento de los estudiantes<\/a><\/p>\n\n\n\n<p class=\"wp-block-paragraph\"><strong>PARA ESTUDIANTES<\/strong><\/p>\n\n\n\n<p class=\"wp-block-paragraph\"><a href=\"https:\/\/docs.google.com\/forms\/d\/e\/1FAIpQLSfM9I3vz_StSZTNQbcQTi1W__67i_XtvyjWuRQspUREhzqcqA\/viewform?usp=dialog\" target=\"_blank\" rel=\"noreferrer noopener\">Relat\u00f3rio e Avalia\u00e7\u00e3o Semestral de Desempenho &#8211; 2025\/1<\/a><\/p>\n\n\n\n<p class=\"wp-block-paragraph\"><a href=\"https:\/\/forms.gle\/rDdDZRYqpzfset1o8\" target=\"_blank\" rel=\"noreferrer noopener\">Solicitud de aprobaci\u00f3n de disertaci\u00f3n\/tesis - PPGLI\/UFAC<\/a><\/p>\n\n\n\n<p class=\"wp-block-paragraph\"><strong>Titulados<\/strong><\/p>\n\n\n\n<p class=\"wp-block-paragraph\"><a href=\"https:\/\/forms.gle\/VCJDQRXF4LQhJo2V6\">Informaci\u00f3n acad\u00e9mica sobre los titulados del PPGLI<\/a><\/p>\n\n\n\n<p class=\"wp-block-paragraph\"><\/p>","protected":false},"excerpt":{"rendered":"<p>Nesta p\u00e1gina, encontram-se modelos de requerimentos diversos a serem utilizados em solicita\u00e7\u00f5es \u00e0 coordena\u00e7\u00e3o\/colegiado do PPGLI que devem ser enviados exclusivamente via SEI De igual modo, est\u00e3o inseridos abaixo os links dos formul\u00e1rios eletr\u00f4nicos para coleta de informa\u00e7\u00f5es como relat\u00f3rios<\/p>","protected":false},"author":65883018,"featured_media":0,"parent":0,"menu_order":0,"comment_status":"closed","ping_status":"closed","template":"","meta":{"_coblocks_attr":"ArialArial,","_coblocks_dimensions":"","_coblocks_responsive_height":"","_coblocks_accordion_ie_support":"","_crdt_document":"","advanced_seo_description":"","jetpack_seo_html_title":"","jetpack_seo_noindex":false,"footnotes":""},"class_list":["post-5928","page","type-page","status-publish","hentry"],"jetpack_likes_enabled":false,"jetpack_sharing_enabled":true,"jetpack_shortlink":"https:\/\/wp.me\/P4Na16-1xC","amp_enabled":true,"_links":{"self":[{"href":"https:\/\/posletrasufac.com\/es\/wp-json\/wp\/v2\/pages\/5928","targetHints":{"allow":["GET"]}}],"collection":[{"href":"https:\/\/posletrasufac.com\/es\/wp-json\/wp\/v2\/pages"}],"about":[{"href":"https:\/\/posletrasufac.com\/es\/wp-json\/wp\/v2\/types\/page"}],"author":[{"embeddable":true,"href":"https:\/\/posletrasufac.com\/es\/wp-json\/wp\/v2\/users\/65883018"}],"replies":[{"embeddable":true,"href":"https:\/\/posletrasufac.com\/es\/wp-json\/wp\/v2\/comments?post=5928"}],"version-history":[{"count":71,"href":"https:\/\/posletrasufac.com\/es\/wp-json\/wp\/v2\/pages\/5928\/revisions"}],"predecessor-version":[{"id":17648,"href":"https:\/\/posletrasufac.com\/es\/wp-json\/wp\/v2\/pages\/5928\/revisions\/17648"}],"wp:attachment":[{"href":"https:\/\/posletrasufac.com\/es\/wp-json\/wp\/v2\/media?parent=5928"}],"curies":[{"name":"wp","href":"https:\/\/api.w.org\/{rel}","templated":true}]}}