{"id":5903,"date":"2020-03-27T14:22:03","date_gmt":"2020-03-27T19:22:03","guid":{"rendered":"http:\/\/posletrasufac.com\/?page_id=5903"},"modified":"2024-12-06T16:36:59","modified_gmt":"2024-12-06T21:36:59","slug":"coordenacao","status":"publish","type":"page","link":"https:\/\/posletrasufac.com\/es\/coordenacao\/","title":{"rendered":"Coordinaci\u00f3n"},"content":{"rendered":"<h1 class=\"wp-block-heading has-text-align-center\">Coordinaci\u00f3n del Programa de Posgrado en Letras \u2013 Lenguaje e Identidad<\/h1>\n\n\n\n<h1 class=\"wp-block-heading has-text-align-center\">Bienio 2024-2026<\/h1>\n\n\n\n<div class=\"wp-block-media-text alignwide is-stacked-on-mobile\" style=\"grid-template-columns:25% auto\"><figure class=\"wp-block-media-text__media\"><img data-recalc-dims=\"1\" loading=\"lazy\" decoding=\"async\" width=\"484\" height=\"755\" data-attachment-id=\"13551\" data-permalink=\"https:\/\/posletrasufac.com\/es\/coordenacao\/captura-de-tela-2024-08-12-085635\/\" data-orig-file=\"https:\/\/i0.wp.com\/posletrasufac.com\/wp-content\/uploads\/2024\/08\/Captura-de-tela-2024-08-12-085635.png?fit=484%2C755&amp;ssl=1\" data-orig-size=\"484,755\" data-comments-opened=\"0\" data-image-meta=\"{&quot;aperture&quot;:&quot;0&quot;,&quot;credit&quot;:&quot;&quot;,&quot;camera&quot;:&quot;&quot;,&quot;caption&quot;:&quot;&quot;,&quot;created_timestamp&quot;:&quot;0&quot;,&quot;copyright&quot;:&quot;&quot;,&quot;focal_length&quot;:&quot;0&quot;,&quot;iso&quot;:&quot;0&quot;,&quot;shutter_speed&quot;:&quot;0&quot;,&quot;title&quot;:&quot;&quot;,&quot;orientation&quot;:&quot;0&quot;}\" data-image-title=\"Captura de tela 2024-08-12 085635\" data-image-description=\"\" data-image-caption=\"\" data-medium-file=\"https:\/\/i0.wp.com\/posletrasufac.com\/wp-content\/uploads\/2024\/08\/Captura-de-tela-2024-08-12-085635.png?fit=192%2C300&amp;ssl=1\" data-large-file=\"https:\/\/i0.wp.com\/posletrasufac.com\/wp-content\/uploads\/2024\/08\/Captura-de-tela-2024-08-12-085635.png?fit=484%2C755&amp;ssl=1\" src=\"https:\/\/i0.wp.com\/posletrasufac.com\/wp-content\/uploads\/2024\/08\/Captura-de-tela-2024-08-12-085635.png?resize=484%2C755&#038;ssl=1\" alt=\"\" class=\"wp-image-13551 size-full\" srcset=\"https:\/\/i0.wp.com\/posletrasufac.com\/wp-content\/uploads\/2024\/08\/Captura-de-tela-2024-08-12-085635.png?w=484&amp;ssl=1 484w, https:\/\/i0.wp.com\/posletrasufac.com\/wp-content\/uploads\/2024\/08\/Captura-de-tela-2024-08-12-085635.png?resize=192%2C300&amp;ssl=1 192w\" sizes=\"auto, (max-width: 484px) 100vw, 484px\" \/><\/figure><div class=\"wp-block-media-text__content\">\n<p class=\"wp-block-paragraph\">Coordinador:\u00a0<a href=\"http:\/\/lattes.cnpq.br\/7042183462903180\" target=\"_blank\" rel=\"noreferrer noopener\">Prof. Dr. Gerson Rodrigues de Albuquerque<\/a><br>Correo electr\u00f3nico:\u00a0<a href=\"mailto:gerson.albuquerque@ufac.br\" target=\"_blank\" rel=\"noreferrer noopener\">gerson.albuquerque@ufac.br<\/a><div class=\"dr\" style=\"height: 23px; margin-bottom: 8px; color: rgb(32, 33, 36); font-family: &quot;Google Sans&quot;, Roboto, RobotoDraft, Helvetica, Arial, sans-serif; font-size: 13px; white-space-collapse: collapse; background-color: rgba(255, 255, 255, 0.9);\"><div style=\"clear: both; height: 0px;\"><\/div><\/div><\/p>\n\n\n\n<p class=\"wp-block-paragraph\"><\/p>\n<\/div><\/div>\n\n\n\n<div class=\"wp-block-media-text alignwide has-media-on-the-right is-stacked-on-mobile\" style=\"grid-template-columns:auto 25%\"><div class=\"wp-block-media-text__content\">\n<p class=\"has-text-align-right wp-block-paragraph\">Subcoordinador:&nbsp;<a href=\"http:\/\/lattes.cnpq.br\/7743250278945993\" target=\"_blank\" rel=\"noreferrer noopener\">Prof. Dr. Elderson Melo de Miranda<\/a><br>Correo electr\u00f3nico: <a href=\"mailto:elderson.miranda@ufac.br\" target=\"_blank\" rel=\"noreferrer noopener\">elderson.miranda@ufac.br<\/a><\/p>\n<\/div><figure class=\"wp-block-media-text__media\"><img data-recalc-dims=\"1\" loading=\"lazy\" decoding=\"async\" width=\"478\" height=\"755\" data-attachment-id=\"13552\" data-permalink=\"https:\/\/posletrasufac.com\/es\/coordenacao\/captura-de-tela-2024-08-12-085651\/\" data-orig-file=\"https:\/\/i0.wp.com\/posletrasufac.com\/wp-content\/uploads\/2024\/08\/Captura-de-tela-2024-08-12-085651.png?fit=478%2C755&amp;ssl=1\" data-orig-size=\"478,755\" data-comments-opened=\"0\" data-image-meta=\"{&quot;aperture&quot;:&quot;0&quot;,&quot;credit&quot;:&quot;&quot;,&quot;camera&quot;:&quot;&quot;,&quot;caption&quot;:&quot;&quot;,&quot;created_timestamp&quot;:&quot;0&quot;,&quot;copyright&quot;:&quot;&quot;,&quot;focal_length&quot;:&quot;0&quot;,&quot;iso&quot;:&quot;0&quot;,&quot;shutter_speed&quot;:&quot;0&quot;,&quot;title&quot;:&quot;&quot;,&quot;orientation&quot;:&quot;0&quot;}\" data-image-title=\"Captura de tela 2024-08-12 085651\" data-image-description=\"\" data-image-caption=\"\" data-medium-file=\"https:\/\/i0.wp.com\/posletrasufac.com\/wp-content\/uploads\/2024\/08\/Captura-de-tela-2024-08-12-085651.png?fit=190%2C300&amp;ssl=1\" data-large-file=\"https:\/\/i0.wp.com\/posletrasufac.com\/wp-content\/uploads\/2024\/08\/Captura-de-tela-2024-08-12-085651.png?fit=478%2C755&amp;ssl=1\" src=\"https:\/\/i0.wp.com\/posletrasufac.com\/wp-content\/uploads\/2024\/08\/Captura-de-tela-2024-08-12-085651.png?resize=478%2C755&#038;ssl=1\" alt=\"\" class=\"wp-image-13552 size-full\" srcset=\"https:\/\/i0.wp.com\/posletrasufac.com\/wp-content\/uploads\/2024\/08\/Captura-de-tela-2024-08-12-085651.png?w=478&amp;ssl=1 478w, https:\/\/i0.wp.com\/posletrasufac.com\/wp-content\/uploads\/2024\/08\/Captura-de-tela-2024-08-12-085651.png?resize=190%2C300&amp;ssl=1 190w\" sizes=\"auto, (max-width: 478px) 100vw, 478px\" \/><\/figure><\/div>\n\n\n\n<h1 class=\"wp-block-heading has-text-align-center\">Coordinaciones anteriores<\/h1>\n\n\n\n<p class=\"has-text-align-center wp-block-paragraph\"><strong><u>2023-2024<\/u><\/strong><\/p>\n\n\n\n<p class=\"has-text-align-center wp-block-paragraph\">Queila Barbosa Lopes \u2013 Coordinadora<\/p>\n\n\n\n<p class=\"has-text-align-center wp-block-paragraph\">Mar\u00eda de Jes\u00fas Morais \u2013 Vicecoordinadora<\/p>\n\n\n\n<p class=\"has-text-align-center wp-block-paragraph\"><strong><u>2021-2022<\/u><\/strong><\/p>\n\n\n\n<p class=\"has-text-align-center wp-block-paragraph\">Gerson Rodrigues de Albuquerque \u2013 Coordinador<\/p>\n\n\n\n<p class=\"has-text-align-center wp-block-paragraph\">Mar\u00eda de Jes\u00fas Morais \u2013 Vicecoordinadora<\/p>\n\n\n\n<p class=\"has-text-align-center wp-block-paragraph\"><strong><u>2019-2020<\/u><\/strong><\/p>\n\n\n\n<p class=\"has-text-align-center wp-block-paragraph\">Gerson Rodrigues de Albuquerque \u2013 Coordinador<\/p>\n\n\n\n<p class=\"has-text-align-center wp-block-paragraph\">Francisco Bento da Silva \u2013 Vicecoordinador<\/p>\n\n\n\n<p class=\"has-text-align-center wp-block-paragraph\"><strong><u>2017-2018<\/u><\/strong><\/p>\n\n\n\n<p class=\"has-text-align-center wp-block-paragraph\">Francisco Bento da Silva \u2013 Coordinador<\/p>\n\n\n\n<p class=\"has-text-align-center wp-block-paragraph\">Elder Andrade de Paula \u2013 Vicecoordinador<\/p>\n\n\n\n<p class=\"has-text-align-center wp-block-paragraph\"><strong><u>2015-2016<\/u><\/strong><\/p>\n\n\n\n<p class=\"has-text-align-center wp-block-paragraph\">Gerson Rodrigues de Albuquerque \u2013 Coordinador<\/p>\n\n\n\n<p class=\"has-text-align-center wp-block-paragraph\">Francisco Bento da Silva \u2013 Vicecoordinador<\/p>\n\n\n\n<p class=\"has-text-align-center wp-block-paragraph\"><strong><u>2013-2014<\/u><\/strong><\/p>\n\n\n\n<p class=\"has-text-align-center wp-block-paragraph\">Gerson Rodrigues de Albuquerque \u2013 Coordinador<\/p>\n\n\n\n<p class=\"has-text-align-center wp-block-paragraph\">Lindinalva Messias do Nascimento Chaves \u2013 Vicecoordinadora<\/p>\n\n\n\n<p class=\"has-text-align-center wp-block-paragraph\"><strong><u>2011-2012<\/u><\/strong><\/p>\n\n\n\n<p class=\"has-text-align-center wp-block-paragraph\">Henrique Silvestre Soares \u2013 Coordinador<\/p>\n\n\n\n<p class=\"has-text-align-center wp-block-paragraph\">Vicente Cruz Cerqueira \u2013 Vicecoordinador<\/p>\n\n\n\n<p class=\"has-text-align-center wp-block-paragraph\"><strong><u>2009-2010<\/u><\/strong><\/p>\n\n\n\n<p class=\"has-text-align-center wp-block-paragraph\">Vicente Cruz Cerqueira \u2013 Coordinador<\/p>\n\n\n\n<p class=\"has-text-align-center wp-block-paragraph\">Henrique Silvestre Soares \u2013 Vicecoordinador<\/p>\n\n\n\n<p class=\"has-text-align-center wp-block-paragraph\"><strong><u>2006-2008<\/u><\/strong><\/p>\n\n\n\n<p class=\"has-text-align-center wp-block-paragraph\">Mar\u00eda del Perpetuo Socorro Calixto Marques \u2013 Coordinadora<\/p>\n\n\n\n<p class=\"has-text-align-center wp-block-paragraph\">Vicente Cruz Cerqueira \u2013 Vicecoordinador<\/p>","protected":false},"excerpt":{"rendered":"<p>Coordena\u00e7\u00e3o do Programa de P\u00f3s-Gradua\u00e7\u00e3o em Letras &#8211; Linguagem e Identidade Bi\u00eanio 2024-2026 Coordenador:\u00a0Prof. Dr. Gerson Rodrigues de AlbuquerqueE-mail:\u00a0gerson.albuquerque@ufac.br Vice-Coordenador:&nbsp;Prof. Dr. Elderson Melo de MirandaE-mail: elderson.miranda@ufac.br Coordena\u00e7\u00f5es anteriores 2023-2024 Queila Barbosa Lopes \u2013 Coordenadora Maria de Jesus Morais \u2013 Vice-Coordenadora<\/p>","protected":false},"author":65883018,"featured_media":0,"parent":0,"menu_order":0,"comment_status":"closed","ping_status":"closed","template":"","meta":{"_coblocks_attr":"","_coblocks_dimensions":"","_coblocks_responsive_height":"","_coblocks_accordion_ie_support":"","_crdt_document":"","advanced_seo_description":"","jetpack_seo_html_title":"","jetpack_seo_noindex":false,"jetpack_post_was_ever_published":false,"footnotes":""},"class_list":["post-5903","page","type-page","status-publish","hentry"],"jetpack_likes_enabled":false,"jetpack_sharing_enabled":true,"jetpack_shortlink":"https:\/\/wp.me\/P4Na16-1xd","amp_enabled":true,"_links":{"self":[{"href":"https:\/\/posletrasufac.com\/es\/wp-json\/wp\/v2\/pages\/5903","targetHints":{"allow":["GET"]}}],"collection":[{"href":"https:\/\/posletrasufac.com\/es\/wp-json\/wp\/v2\/pages"}],"about":[{"href":"https:\/\/posletrasufac.com\/es\/wp-json\/wp\/v2\/types\/page"}],"author":[{"embeddable":true,"href":"https:\/\/posletrasufac.com\/es\/wp-json\/wp\/v2\/users\/65883018"}],"replies":[{"embeddable":true,"href":"https:\/\/posletrasufac.com\/es\/wp-json\/wp\/v2\/comments?post=5903"}],"version-history":[{"count":19,"href":"https:\/\/posletrasufac.com\/es\/wp-json\/wp\/v2\/pages\/5903\/revisions"}],"predecessor-version":[{"id":14359,"href":"https:\/\/posletrasufac.com\/es\/wp-json\/wp\/v2\/pages\/5903\/revisions\/14359"}],"wp:attachment":[{"href":"https:\/\/posletrasufac.com\/es\/wp-json\/wp\/v2\/media?parent=5903"}],"curies":[{"name":"wp","href":"https:\/\/api.w.org\/{rel}","templated":true}]}}