{"id":5889,"date":"2020-03-27T12:40:19","date_gmt":"2020-03-27T17:40:19","guid":{"rendered":"http:\/\/posletrasufac.com\/?page_id=5889"},"modified":"2020-07-29T16:40:15","modified_gmt":"2020-07-29T21:40:15","slug":"combate-ao-plagio","status":"publish","type":"page","link":"https:\/\/posletrasufac.com\/es\/combate-ao-plagio\/","title":{"rendered":"Combate al plagio"},"content":{"rendered":"<div class=\"wp-block-group\"><div class=\"wp-block-group__inner-container is-layout-flow wp-block-group-is-layout-flow\">\n<p class=\"has-text-align-center wp-block-paragraph\"><strong>REGIMIENTO INTERNO<\/strong><\/p>\n\n\n\n<h6 class=\"has-text-align-center wp-block-heading\">\u00a0Cap\u00edtulo XX<\/h6>\n\n\n\n<p class=\"wp-block-paragraph\"><strong>Art. 108.<\/strong> Todos los proyectos de investigaci\u00f3n de docentes y discentes del PPGLI deben estar basados en principios y est\u00e1ndares \u00e9ticos, respecto a la propiedad intelectual y a la rigurosidad metodol\u00f3gica.<\/p>\n\n\n\n<p class=\"wp-block-paragraph\"><strong>Art. 109.<\/strong> Al Colegiado del Programa corresponde la elaboraci\u00f3n y publicaci\u00f3n de las directrices generales para que se preserve la calidad en las investigaciones y el combate a fraude y plagio en el \u00e1mbito del PPGLI.<\/p>\n\n\n\n<p class=\"wp-block-paragraph\"><strong>Art. 110.<\/strong> Para efectos de lo que pronostica este Regimiento, se considera fraude o plagio acad\u00e9mico:<\/p>\n\n\n\n<ol class=\"wp-block-list\" type=\"a\"><li>El uso (en proyectos, art\u00edculos, rese\u00f1as, res\u00famenes, disertaciones o tesis, entre otros) de conceptos, ideas, opiniones, im\u00e1genes, gr\u00e1ficos, textos, frases, datos de investigaci\u00f3n u otras formulaciones intelectuales de terceros, present\u00e1ndose como si fueran de autor\u00eda propia o sin informar rigurosamente la procedencia o fuentes, conforme mandan las directrices de la Asociaci\u00f3n Brasile\u00f1a de Normas T\u00e9cnicas (ABNT).<\/li><li>Presentar como de autor\u00eda propia textos escritos, cedidos o comprados de otras personas.<\/li><li>Elaborar y entregar o publicar trabajos acad\u00e9micos copiados y cogidos de diferentes textos, art\u00edculos, rese\u00f1as o res\u00famenes que circulan en internet u otros medios escritos, electr\u00f3nicos y digitales, fuera de las normas de la ABNT y de idoneidad intelectual.<\/li><li>Hacer el uso de lecturas o revisiones bibliogr\u00e1ficas elaboradas por otros en trozos, p\u00e1rrafos, res\u00famenes o notas a pie de p\u00e1gina de art\u00edculos o cap\u00edtulos de libros y disertaciones y tesis, present\u00e1ndoselos como de autor\u00eda propia.<\/li><li>Publicar textos en coautor\u00eda con otro(a)s discentes o docentes que no tengan efectivamente participado de su elaboraci\u00f3n.<\/li><li>Utilizarse de fragmentos, p\u00e1rrafos o partes de art\u00edculos de autor\u00eda propria, a\u00f1adi\u00e9ndoles en cap\u00edtulos de disertaci\u00f3n o tesis sometidas al PPGLI, sin la debida referencia o informaci\u00f3n de la fuente inicial donde fueron publicados (autoplagio).<\/li><\/ol>\n\n\n\n<p class=\"wp-block-paragraph\"><strong>Art. 111. <\/strong>Intencional o no, la presencia de cualquier indicio o evidencia de plagio acad\u00e9mico, todo o partes de textos (trabajos y actividades en asignaturas, ex\u00e1menes de cualificaci\u00f3n y defensa de disertaci\u00f3n y tesis, art\u00edculos en peri\u00f3dicos o cap\u00edtulos de libros, res\u00famenes, papers o diapositivas de presentaci\u00f3n de trabajos en eventos) de discentes o docentes del Programa, es pasible de sanci\u00f3n en proceso administrativo para averiguaci\u00f3n y an\u00e1lisis por el Comit\u00e9 de \u00c9tica del PPGLI.<\/p>\n\n\n\n<p class=\"wp-block-paragraph\"><strong>P\u00e1rrafo \u00danico. <\/strong>Luego de la averiguaci\u00f3n y an\u00e1lisis, el dictamen del Comit\u00e9 de \u00e9tica ser\u00e1 debatido y deliberado por el Colegiado, una vez comprobada la infracci\u00f3n acad\u00e9mica, debe abrirse un proceso administrativo individual para la desconexi\u00f3n del(a) discente y, cuando se trate de trabajos en coautor\u00eda o de disertaci\u00f3n y tesis, la desvinculaci\u00f3n del(a) docente envuelto como coautor(a) o como director(a) de tesis.<\/p>\n\n\n\n<p class=\"wp-block-paragraph\"><strong>Art. 112.<\/strong> La Secretar\u00eda y Coordinaci\u00f3n, as\u00ed como todo el cuerpo docente del Programa utilizar\u00e1n apoyo l\u00f3gico, softwares o herramientas digitales para ayudar en la identificaci\u00f3n y combate del plagio acad\u00e9mico. &nbsp;<strong>&nbsp;<\/strong><\/p>\n\n\n\n<p class=\"wp-block-paragraph\"><strong>Art. 113.<\/strong> A cualquier tiempo, las denuncias formales de pl\u00e1gio acad\u00e9mico en disertaciones o tesis sustentadas en el PPGLI podr\u00e1n ser averiguadas y analizadas por el Comit\u00e9 de \u00c9tica y, una vez comprobadas, debe empezarse el debido proceso administrativo para la destituci\u00f3n del t\u00edtulo concedido.<\/p>\n<\/div><\/div>","protected":false},"excerpt":{"rendered":"<p>REGIMENTO INTERNO \u00a0Cap\u00edtulo XX Art. 108. Todos os projetos de pesquisa de docentes e discentes do PPGLI devem ser conduzidos com base em princ\u00edpios e padr\u00f5es \u00e9ticos, respeito \u00e0 propriedade intelectual e ao rigor metodol\u00f3gico. Art. 109. Ao Colegiado do<\/p>","protected":false},"author":65883018,"featured_media":0,"parent":0,"menu_order":0,"comment_status":"closed","ping_status":"closed","template":"","meta":{"_coblocks_attr":"","_coblocks_dimensions":"","_coblocks_responsive_height":"","_coblocks_accordion_ie_support":"","_crdt_document":"","advanced_seo_description":"","jetpack_seo_html_title":"","jetpack_seo_noindex":false,"footnotes":""},"class_list":["post-5889","page","type-page","status-publish","hentry"],"jetpack_likes_enabled":false,"jetpack_sharing_enabled":true,"jetpack_shortlink":"https:\/\/wp.me\/P4Na16-1wZ","amp_enabled":true,"_links":{"self":[{"href":"https:\/\/posletrasufac.com\/es\/wp-json\/wp\/v2\/pages\/5889","targetHints":{"allow":["GET"]}}],"collection":[{"href":"https:\/\/posletrasufac.com\/es\/wp-json\/wp\/v2\/pages"}],"about":[{"href":"https:\/\/posletrasufac.com\/es\/wp-json\/wp\/v2\/types\/page"}],"author":[{"embeddable":true,"href":"https:\/\/posletrasufac.com\/es\/wp-json\/wp\/v2\/users\/65883018"}],"replies":[{"embeddable":true,"href":"https:\/\/posletrasufac.com\/es\/wp-json\/wp\/v2\/comments?post=5889"}],"version-history":[{"count":9,"href":"https:\/\/posletrasufac.com\/es\/wp-json\/wp\/v2\/pages\/5889\/revisions"}],"predecessor-version":[{"id":6582,"href":"https:\/\/posletrasufac.com\/es\/wp-json\/wp\/v2\/pages\/5889\/revisions\/6582"}],"wp:attachment":[{"href":"https:\/\/posletrasufac.com\/es\/wp-json\/wp\/v2\/media?parent=5889"}],"curies":[{"name":"wp","href":"https:\/\/api.w.org\/{rel}","templated":true}]}}