{"id":12847,"date":"2024-03-22T15:48:39","date_gmt":"2024-03-22T20:48:39","guid":{"rendered":"https:\/\/posletrasufac.com\/?page_id=12847"},"modified":"2025-04-14T10:11:38","modified_gmt":"2025-04-14T15:11:38","slug":"credenciamento-de-docentes","status":"publish","type":"page","link":"https:\/\/posletrasufac.com\/es\/credenciamento-de-docentes\/","title":{"rendered":"Acreditaci\u00f3n de Maestros"},"content":{"rendered":"<p class=\"wp-block-paragraph\">De acuerdo con el Reglamento Interno del Programa de Posgrado en Letras: Lenguaje e Identidad, las solicitudes de acreditaci\u00f3n de nuevos docentes ante el PPGLI podr\u00e1n presentarse de forma continua. La acreditaci\u00f3n se realizar\u00e1 \u00fanicamente al inicio de cada cuatrienio, previo an\u00e1lisis y aprobaci\u00f3n del Consejo de Programa, considerando las necesidades espec\u00edficas de reemplazo de docentes, el fortalecimiento de l\u00edneas de investigaci\u00f3n o la creaci\u00f3n de \u00e1reas tem\u00e1ticas para la expansi\u00f3n de la investigaci\u00f3n, as\u00ed como otras acciones estrat\u00e9gicas.<br>Las personas interesadas en incorporarse al profesorado deben presentar una solicitud a la Coordinaci\u00f3n del PPGLI, acompa\u00f1ada de un historial acad\u00e9mico de los \u00faltimos 5 (cinco) a\u00f1os, un enlace a su curr\u00edculum vitae en la Plataforma Lattes, debidamente actualizado, y una copia del proyecto de investigaci\u00f3n institucional que se adhiera a una de las L\u00edneas de Investigaci\u00f3n del Programa.<br>Para m\u00e1s informaci\u00f3n sobre los criterios y requisitos para la acreditaci\u00f3n y reacreditaci\u00f3n de docentes ante el PPGLI, consulte el Reglamento Interno del Programa. <a href=\"https:\/\/posletrasufac.com\/es\/regimentos-e-resolucoes\/\">Regimento Interno do Programa<\/a>.<\/p>\n\n\n\n<p class=\"wp-block-paragraph\"><\/p>","protected":false},"excerpt":{"rendered":"<p>Em conformidade com o que determina o Regimento Interno do Programa de P\u00f3s-Gradua\u00e7\u00e3o em Letras: Linguagem e Identidade, a solicita\u00e7\u00e3o de credenciamento de novos docentes ao PPGLI poder\u00e1 ser feita em fluxo cont\u00ednuo, sendo que o credenciamento em si somente<\/p>","protected":false},"author":65883018,"featured_media":0,"parent":0,"menu_order":0,"comment_status":"closed","ping_status":"closed","template":"","meta":{"_coblocks_attr":"","_coblocks_dimensions":"","_coblocks_responsive_height":"","_coblocks_accordion_ie_support":"","_crdt_document":"","advanced_seo_description":"","jetpack_seo_html_title":"","jetpack_seo_noindex":false,"footnotes":""},"class_list":["post-12847","page","type-page","status-publish","hentry"],"jetpack_likes_enabled":false,"jetpack_sharing_enabled":true,"jetpack_shortlink":"https:\/\/wp.me\/P4Na16-3ld","amp_enabled":true,"_links":{"self":[{"href":"https:\/\/posletrasufac.com\/es\/wp-json\/wp\/v2\/pages\/12847","targetHints":{"allow":["GET"]}}],"collection":[{"href":"https:\/\/posletrasufac.com\/es\/wp-json\/wp\/v2\/pages"}],"about":[{"href":"https:\/\/posletrasufac.com\/es\/wp-json\/wp\/v2\/types\/page"}],"author":[{"embeddable":true,"href":"https:\/\/posletrasufac.com\/es\/wp-json\/wp\/v2\/users\/65883018"}],"replies":[{"embeddable":true,"href":"https:\/\/posletrasufac.com\/es\/wp-json\/wp\/v2\/comments?post=12847"}],"version-history":[{"count":4,"href":"https:\/\/posletrasufac.com\/es\/wp-json\/wp\/v2\/pages\/12847\/revisions"}],"predecessor-version":[{"id":15116,"href":"https:\/\/posletrasufac.com\/es\/wp-json\/wp\/v2\/pages\/12847\/revisions\/15116"}],"wp:attachment":[{"href":"https:\/\/posletrasufac.com\/es\/wp-json\/wp\/v2\/media?parent=12847"}],"curies":[{"name":"wp","href":"https:\/\/api.w.org\/{rel}","templated":true}]}}