{"id":1,"date":"2014-07-04T17:42:38","date_gmt":"2014-07-04T17:42:38","guid":{"rendered":"http:\/\/posletrasufac.com\/?page_id=1"},"modified":"2025-03-28T10:59:54","modified_gmt":"2025-03-28T15:59:54","slug":"contato","status":"publish","type":"page","link":"https:\/\/posletrasufac.com\/es\/contato\/","title":{"rendered":"Secretar\u00eda"},"content":{"rendered":"<h1 class=\"font_7\" style=\"text-align: center;\">Secretar\u00eda del Programa de Posgrado en Letras \u2013 Lenguaje e Identidad<\/h1>\n<p style=\"text-align: center;\"><strong>Horario de atenci\u00f3n<\/strong>: 07h \u00e0s 12h<\/p>\n<p class=\"font_8\" style=\"text-align: center;\"><span class=\"color_15\"><strong>Correo electr\u00f3nico<\/strong><\/span>: ppg.letras@ufac.br<\/p>\n<p class=\"font_8\" style=\"text-align: center;\"><strong><span class=\"color_15\">\u00a0Whatsapp: <\/span><\/strong>\u00a055+68+3229-4997<\/p>\n<p class=\"font_7\" style=\"text-align: center;\"><strong>Direcci\u00f3n:<\/strong><\/p>\n<p class=\"font_7\" style=\"text-align: center;\">Coordena\u00e7\u00e3o do Programa de P\u00f3s-Gradua\u00e7\u00e3o em Letras &#8211; Linguagem e Identidade.\u00a0Universidade Federal do Acre.\u00a0<em>Campus\u00a0<\/em>Universit\u00e1rio &#8211; BR 364, Km 04 &#8211; Distrito industrial &#8211; CEP: 69.920-900 Rio Branco &#8211; Acre. Bloco da P\u00f3s-Gradua\u00e7\u00e3o. Rio Branco &#8211; AC, Brasil.<\/p>","protected":false},"excerpt":{"rendered":"<p>Secretaria do\u00a0Programa de P\u00f3s-Gradua\u00e7\u00e3o em Letras &#8211; Linguagem e Identidade Hor\u00e1rio de Atendimento: 07h \u00e0s 12h E-mail: ppg.letras@ufac.br \u00a0Whatsapp: \u00a055+68+3229-4997 Endere\u00e7o: Coordena\u00e7\u00e3o do Programa de P\u00f3s-Gradua\u00e7\u00e3o em Letras &#8211; Linguagem e Identidade.\u00a0Universidade Federal do Acre.\u00a0Campus\u00a0Universit\u00e1rio &#8211; BR 364, Km 04<\/p>","protected":false},"author":65883018,"featured_media":0,"parent":0,"menu_order":6,"comment_status":"closed","ping_status":"closed","template":"","meta":{"_coblocks_attr":"","_coblocks_dimensions":"","_coblocks_responsive_height":"","_coblocks_accordion_ie_support":"","_crdt_document":"","advanced_seo_description":"","jetpack_seo_html_title":"","jetpack_seo_noindex":false,"footnotes":""},"class_list":["post-1","page","type-page","status-publish","hentry"],"jetpack_likes_enabled":false,"jetpack_sharing_enabled":true,"jetpack_shortlink":"https:\/\/wp.me\/P4Na16-1","amp_enabled":true,"_links":{"self":[{"href":"https:\/\/posletrasufac.com\/es\/wp-json\/wp\/v2\/pages\/1","targetHints":{"allow":["GET"]}}],"collection":[{"href":"https:\/\/posletrasufac.com\/es\/wp-json\/wp\/v2\/pages"}],"about":[{"href":"https:\/\/posletrasufac.com\/es\/wp-json\/wp\/v2\/types\/page"}],"author":[{"embeddable":true,"href":"https:\/\/posletrasufac.com\/es\/wp-json\/wp\/v2\/users\/65883018"}],"replies":[{"embeddable":true,"href":"https:\/\/posletrasufac.com\/es\/wp-json\/wp\/v2\/comments?post=1"}],"version-history":[{"count":11,"href":"https:\/\/posletrasufac.com\/es\/wp-json\/wp\/v2\/pages\/1\/revisions"}],"predecessor-version":[{"id":14996,"href":"https:\/\/posletrasufac.com\/es\/wp-json\/wp\/v2\/pages\/1\/revisions\/14996"}],"wp:attachment":[{"href":"https:\/\/posletrasufac.com\/es\/wp-json\/wp\/v2\/media?parent=1"}],"curies":[{"name":"wp","href":"https:\/\/api.w.org\/{rel}","templated":true}]}}