{"id":7410,"date":"2020-12-09T12:25:01","date_gmt":"2020-12-09T17:25:01","guid":{"rendered":"https:\/\/posletrasufac.com\/?page_id=7410"},"modified":"2025-03-31T09:55:03","modified_gmt":"2025-03-31T14:55:03","slug":"portal-do-aluno-ufac-air-e-outros-servicos","status":"publish","type":"page","link":"https:\/\/posletrasufac.com\/en\/portal-do-aluno-ufac-air-e-outros-servicos\/","title":{"rendered":"Student portal, ufac air and other services"},"content":{"rendered":"<div class=\"wp-block-image\">\n<figure class=\"aligncenter size-large\"><a href=\"https:\/\/i0.wp.com\/posletrasufac.com\/wp-content\/uploads\/2020\/12\/3164e532-5c26-4a5a-bb3d-340ef577ae0c.jpeg?ssl=1\"><img data-recalc-dims=\"1\" loading=\"lazy\" decoding=\"async\" width=\"750\" height=\"331\" data-attachment-id=\"7411\" data-permalink=\"https:\/\/posletrasufac.com\/en\/portal-do-aluno-ufac-air-e-outros-servicos\/3164e532-5c26-4a5a-bb3d-340ef577ae0c\/\" data-orig-file=\"https:\/\/i0.wp.com\/posletrasufac.com\/wp-content\/uploads\/2020\/12\/3164e532-5c26-4a5a-bb3d-340ef577ae0c.jpeg?fit=750%2C331&amp;ssl=1\" data-orig-size=\"750,331\" data-comments-opened=\"0\" data-image-meta=\"{&quot;aperture&quot;:&quot;0&quot;,&quot;credit&quot;:&quot;&quot;,&quot;camera&quot;:&quot;&quot;,&quot;caption&quot;:&quot;&quot;,&quot;created_timestamp&quot;:&quot;0&quot;,&quot;copyright&quot;:&quot;&quot;,&quot;focal_length&quot;:&quot;0&quot;,&quot;iso&quot;:&quot;0&quot;,&quot;shutter_speed&quot;:&quot;0&quot;,&quot;title&quot;:&quot;&quot;,&quot;orientation&quot;:&quot;0&quot;}\" data-image-title=\"3164e532-5c26-4a5a-bb3d-340ef577ae0c\" data-image-description=\"\" data-image-caption=\"\" data-large-file=\"https:\/\/i0.wp.com\/posletrasufac.com\/wp-content\/uploads\/2020\/12\/3164e532-5c26-4a5a-bb3d-340ef577ae0c.jpeg?fit=750%2C331&amp;ssl=1\" src=\"https:\/\/i0.wp.com\/posletrasufac.com\/wp-content\/uploads\/2020\/12\/3164e532-5c26-4a5a-bb3d-340ef577ae0c.jpeg?resize=750%2C331&#038;ssl=1\" alt=\"\" class=\"wp-image-7411\" srcset=\"https:\/\/i0.wp.com\/posletrasufac.com\/wp-content\/uploads\/2020\/12\/3164e532-5c26-4a5a-bb3d-340ef577ae0c.jpeg?w=750&amp;ssl=1 750w, https:\/\/i0.wp.com\/posletrasufac.com\/wp-content\/uploads\/2020\/12\/3164e532-5c26-4a5a-bb3d-340ef577ae0c.jpeg?resize=300%2C132&amp;ssl=1 300w\" sizes=\"auto, (max-width: 750px) 100vw, 750px\" \/><\/a><\/figure>\n<\/div>\n\n\n<p class=\"wp-block-paragraph\">Since 2012, students at the Federal University of Acre (Ufac) have had access to different academic information concentrated in a system that is easy and simple to access, the Student Portal. Developed by the Information and Technology Center (NTI) team, the space has simplified the routine of students on all the institution's courses.&nbsp;<\/p>\n\n\n\n<p class=\"wp-block-paragraph\">\u201cThrough any device connected to the internet, Ufac students are able to access a wide range of information about their course. Many of the actions that used to depend on going to the course coordinator can now be done from home,\u201d says Edvandro Reckziegel, director of the NTI.&nbsp; &nbsp;<\/p>\n\n\n\n<p class=\"wp-block-paragraph\">It is through the Student Portal, for example, that students carry out the so-called curricular registration - semester registration for the subjects they intend to take in the term - a procedure required by all coordinating bodies at the beginning of each semester. Other services available through the system include the issuing of academic documents such as transcripts, certificates and proof of enrolment, as well as the monitoring of timetables, grades and absences in all enrolled subjects. The system also provides direct access to the academic calendar and the library collection.<\/p>\n\n\n\n<p class=\"wp-block-paragraph\">Access to the Student Portal requires the use of a user credential and password. For the first access, the student will need to enter their CPF number (as the user) and their date of birth (as the password).<\/p>\n\n\n\n<p class=\"wp-block-paragraph\"><strong>Free Internet<\/strong>&nbsp;- Throughout the campus - including classrooms, laboratories, university theater, convention center, university restaurant and zoobotanical park (PZ) - students have access to a wireless internet service, \u201cUfac Air\u201d.&nbsp;<\/p>\n\n\n\n<p class=\"wp-block-paragraph\">The first step to accessing the service is to activate Ufac's Virtual Identity Management System (IdUfac), which will allow the creation of a unique credential (user and password) for accessing and using all of Ufac's information and communication technology (ICT) services.<\/p>\n\n\n\n<p class=\"wp-block-paragraph\">\u201cAll civil servants and students who have an active relationship with Ufac already have their IdUfac, and all they need to do is carry out the procedures to activate and create a password, which will be personal and non-transferable,\u201d explains Reckziegel.<\/p>\n\n\n\n<p class=\"wp-block-paragraph\">To activate IdUfac, the student will need to access the website&nbsp;<strong><a href=\"https:\/\/id.ufac.br\/\">https:\/\/id.ufac.br\/<\/a><\/strong>&nbsp;and enter the CPF number and e-mail address registered at the time of institutional enrollment. \u201cAs soon as this procedure is carried out, a link should arrive at the registered address, redirecting the student to a page where they can register the password that will be used for the services,\u201d says Edvandro. \u201cIn addition to the inbox, it's important to check the email spam at this stage,\u201d he warns.&nbsp;&nbsp;<\/p>\n\n\n\n<p class=\"wp-block-paragraph\">Once the IdUfac password has been activated and created, access to Ufac Air (limited to 2 devices connected simultaneously to the same IdUfac) will be automatically granted.<\/p>\n\n\n\n<p class=\"wp-block-paragraph\"><strong>Other services:<\/strong><\/p>\n\n\n\n<p class=\"wp-block-paragraph\"><strong>Library Portal<\/strong>&nbsp;- Launched in 2014, the space allows students to consult UFAC's bibliographic collection, as well as reserve books to be taken out of the Library. It is also possible to renew a loan as long as the student is not overdue. The username and password required for access are the same as those currently used on the Student Portal. Soon, however, the \u201cuniversal\u201d credential from \u201cMy Access\u201d will be required.<\/p>\n\n\n\n<p class=\"wp-block-paragraph\"><strong>Communication Portal<\/strong>&nbsp;- Launched in 2012, this Portal is integrated with the Student and Teacher Portals and allows information to be made available to students. The teacher also has the option of sending certain information to the emails of the students in a particular class, hence the importance of students keeping their email address up to date on the Student Portal.<\/p>\n\n\n\n<p class=\"wp-block-paragraph\"><strong>Access to Capes Journals<\/strong>&nbsp;- Capes journals can be accessed freely by any user who is on the Ufac campus. Access is not possible from the student's home or work. \u201cIn order to allow this access, a proxy service has been made available for use by people who need to access the journals from a network outside UFAC,\u201d says the NTI director. For more information on the procedures that need to be carried out, we recommend reading the manual available at the following address&nbsp;<strong><a href=\"https:\/\/sistemas.ufac.br\/home\/servicos\/eduroam\/\" target=\"_blank\" rel=\"noreferrer noopener\">http:\/\/redesemfio.ufac.br<\/a><\/strong>. It should also be noted that the IdUfac credential is required to use this Proxy.<\/p>\n\n\n\n<p class=\"wp-block-paragraph\">Information available at: <a rel=\"noreferrer noopener\" href=\"http:\/\/www2.ufac.br\/site\/noticias\/2017\/calouroufac-portal-do-aluno-ufac-air-e-outros-servicos#:~:text=Para%20ativar%20o%20IdUfac%2C%20o,no%20ato%20da%20matr%C3%ADcula%20institucional.\" target=\"_blank\">www.ufac.br<\/a><\/p>\n\n\n\n<p class=\"wp-block-paragraph\"><\/p>\n\n\n\n<figure class=\"wp-block-image size-large\"><a href=\"https:\/\/i0.wp.com\/posletrasufac.com\/wp-content\/uploads\/2020\/12\/Sem-titulo.png?ssl=1\"><img data-recalc-dims=\"1\" loading=\"lazy\" decoding=\"async\" width=\"750\" height=\"306\" data-attachment-id=\"7417\" data-permalink=\"https:\/\/posletrasufac.com\/en\/portal-do-aluno-ufac-air-e-outros-servicos\/sem-titulo-4\/\" data-orig-file=\"https:\/\/i0.wp.com\/posletrasufac.com\/wp-content\/uploads\/2020\/12\/Sem-titulo.png?fit=993%2C405&amp;ssl=1\" data-orig-size=\"993,405\" data-comments-opened=\"0\" data-image-meta=\"{&quot;aperture&quot;:&quot;0&quot;,&quot;credit&quot;:&quot;&quot;,&quot;camera&quot;:&quot;&quot;,&quot;caption&quot;:&quot;&quot;,&quot;created_timestamp&quot;:&quot;0&quot;,&quot;copyright&quot;:&quot;&quot;,&quot;focal_length&quot;:&quot;0&quot;,&quot;iso&quot;:&quot;0&quot;,&quot;shutter_speed&quot;:&quot;0&quot;,&quot;title&quot;:&quot;&quot;,&quot;orientation&quot;:&quot;0&quot;}\" data-image-title=\"Sem-titulo\" data-image-description=\"\" data-image-caption=\"\" data-large-file=\"https:\/\/i0.wp.com\/posletrasufac.com\/wp-content\/uploads\/2020\/12\/Sem-titulo.png?fit=750%2C306&amp;ssl=1\" src=\"https:\/\/i0.wp.com\/posletrasufac.com\/wp-content\/uploads\/2020\/12\/Sem-titulo.png?resize=750%2C306&#038;ssl=1\" alt=\"\" class=\"wp-image-7417\" srcset=\"https:\/\/i0.wp.com\/posletrasufac.com\/wp-content\/uploads\/2020\/12\/Sem-titulo.png?w=993&amp;ssl=1 993w, https:\/\/i0.wp.com\/posletrasufac.com\/wp-content\/uploads\/2020\/12\/Sem-titulo.png?resize=300%2C122&amp;ssl=1 300w, https:\/\/i0.wp.com\/posletrasufac.com\/wp-content\/uploads\/2020\/12\/Sem-titulo.png?resize=768%2C313&amp;ssl=1 768w\" sizes=\"auto, (max-width: 750px) 100vw, 750px\" \/><\/a><\/figure>\n\n\n\n<h2 class=\"wp-block-heading\">ACCESS TO G SUITE UFAC<\/h2>\n\n\n\n<p class=\"wp-block-paragraph\">The first time you access G Suite, you need to activate your account. You only need to do this once, and you'll already have access to all the tools in the suite. Read the instructions and then click on the \u201cReset password\u201d button.<\/p>\n\n\n<div class=\"wp-block-image\">\n<figure class=\"aligncenter size-large\"><a href=\"https:\/\/id.ufac.br\/ssp-aluno\/\"><img data-recalc-dims=\"1\" loading=\"lazy\" decoding=\"async\" width=\"566\" height=\"259\" data-attachment-id=\"7420\" data-permalink=\"https:\/\/posletrasufac.com\/en\/portal-do-aluno-ufac-air-e-outros-servicos\/sem-titulo11\/\" data-orig-file=\"https:\/\/i0.wp.com\/posletrasufac.com\/wp-content\/uploads\/2020\/12\/Sem-titulo11.png?fit=566%2C259&amp;ssl=1\" data-orig-size=\"566,259\" data-comments-opened=\"0\" data-image-meta=\"{&quot;aperture&quot;:&quot;0&quot;,&quot;credit&quot;:&quot;&quot;,&quot;camera&quot;:&quot;&quot;,&quot;caption&quot;:&quot;&quot;,&quot;created_timestamp&quot;:&quot;0&quot;,&quot;copyright&quot;:&quot;&quot;,&quot;focal_length&quot;:&quot;0&quot;,&quot;iso&quot;:&quot;0&quot;,&quot;shutter_speed&quot;:&quot;0&quot;,&quot;title&quot;:&quot;&quot;,&quot;orientation&quot;:&quot;0&quot;}\" data-image-title=\"Sem-titulo11\" data-image-description=\"\" data-image-caption=\"\" data-large-file=\"https:\/\/i0.wp.com\/posletrasufac.com\/wp-content\/uploads\/2020\/12\/Sem-titulo11.png?fit=566%2C259&amp;ssl=1\" src=\"https:\/\/i0.wp.com\/posletrasufac.com\/wp-content\/uploads\/2020\/12\/Sem-titulo11.png?resize=566%2C259&#038;ssl=1\" alt=\"\" class=\"wp-image-7420\" srcset=\"https:\/\/i0.wp.com\/posletrasufac.com\/wp-content\/uploads\/2020\/12\/Sem-titulo11.png?w=566&amp;ssl=1 566w, https:\/\/i0.wp.com\/posletrasufac.com\/wp-content\/uploads\/2020\/12\/Sem-titulo11.png?resize=300%2C137&amp;ssl=1 300w\" sizes=\"auto, (max-width: 566px) 100vw, 566px\" \/><\/a><\/figure>\n<\/div>\n\n\n<h2 class=\"wp-block-heading\">Access instructions for students<\/h2>\n\n\n\n<p class=\"wp-block-paragraph\">1. On first access, you&nbsp;<strong>you need to create a new password<\/strong>. To do this, click on the \u201cReset password\u201d button;<\/p>\n\n\n\n<p class=\"wp-block-paragraph\">2. You will be directed to the G Suite Password Service page;<\/p>\n\n\n\n<p class=\"wp-block-paragraph\">3. Enter your login and contact e-mail address registered at UFAC. Click on \u201cSend\u201d;<br><br>4. You will receive an e-mail with instructions and a link to reset your password.<\/p>\n\n\n\n<p class=\"wp-block-paragraph\"><strong>Ahhh!<\/strong>&nbsp;If you don't know your login,&nbsp;<strong><a href=\"https:\/\/sistemas2.ufac.br\/acesso_gsuite\/\">click here<\/a><\/strong>&nbsp;to request it.<\/p>\n\n\n\n<p class=\"wp-block-paragraph\">IMPORTANT: before activating the account, the system will display Google's Terms of Service and Privacy Policy. Before confirming acceptance, we recommend that you read the terms carefully.<\/p>\n\n\n\n<p class=\"wp-block-paragraph\"><strong>Have you activated your account? Congratulations!<\/strong><br>You are now able to use the features that G Suite has to offer. They can be found in the\u00a0<em>G Suite<\/em>\u00a0of UFAC, at\u00a0<strong><a href=\"https:\/\/sistemas.ufac.br\/home\/servicos\/email\/\" target=\"_blank\" rel=\"noreferrer noopener\">gsuite.google.com\/dashboard<\/a>.<\/strong>\u00a0You must be logged in to your account to view all the tools.<br>Always use the login you provided when activating the account, paying attention to the following rule:<br>- UFAC Server (Teacher or TAE): login followed by the @ufac.br domain. Example:\u00a0<strong>machado.assis@ufac.br<\/strong>;<br>- UFAC student: login followed by the domain @sou.ufac.br. Example:\u00a0<strong>rachel.queiroz@sou.ufac.br<\/strong>.<\/p>\n\n\n\n<h2 class=\"wp-block-heading\">WHAT IS THE G SUITE<\/h2>\n\n\n\n<p class=\"wp-block-paragraph\">The&nbsp;<em>G Suite for Education<\/em>&nbsp; is a package of digital solutions developed by Google that brings together various tools for productivity, communication and collaboration between users. Created especially for teaching and learning activities, the&nbsp;<em>G Suite for Education<\/em>&nbsp;is available free of charge to educational institutions and brings together solutions such as e-mail&nbsp;<strong>GMail<\/strong>&nbsp; and the file repository&nbsp;<strong>Drive<\/strong>both with unlimited storage quota; the&nbsp;<strong>Meet<\/strong>web conferencing for up to 100 people; the&nbsp;<strong>Classroom<\/strong>, a collaborative virtual classroom for teaching and learning activities; the&nbsp;<strong>Docs<\/strong>for editing texts, spreadsheets and web presentations;&nbsp;<strong>Forms<\/strong>&nbsp;to create, share and collect online forms; and&nbsp;<strong>Agenda<\/strong>which helps organize appointments synchronously with all the tools mentioned above. UFAC is now making the above services available to the academic community and is making this page available as an information and orientation center for new users. Make yourself at home and enjoy the resources that G Suite has to offer.<\/p>\n\n\n\n<p class=\"wp-block-paragraph\">Contact and support channels<br>General Technical Matters<br>Communications, reports, suppliers: nti@ufac.br<br>Phone: (68) 3229-4218<\/p>","protected":false},"excerpt":{"rendered":"<p>Desde 2012, os estudantes da Universidade Federal do Acre (Ufac) contam com o acesso a diferentes informa\u00e7\u00f5es acad\u00eamicas concentradas em um sistema de f\u00e1cil e simples acesso, o Portal do Aluno. Desenvolvido pela equipe do N\u00facleo de Tecnologia e Informa\u00e7\u00e3o<\/p>","protected":false},"author":65883018,"featured_media":0,"parent":0,"menu_order":0,"comment_status":"closed","ping_status":"closed","template":"","meta":{"_coblocks_attr":"","_coblocks_dimensions":"","_coblocks_responsive_height":"","_coblocks_accordion_ie_support":"","_crdt_document":"","advanced_seo_description":"","jetpack_seo_html_title":"","jetpack_seo_noindex":false,"footnotes":""},"class_list":["post-7410","page","type-page","status-publish","hentry"],"jetpack_likes_enabled":false,"jetpack_sharing_enabled":true,"jetpack_shortlink":"https:\/\/wp.me\/P4Na16-1Vw","amp_enabled":true,"_links":{"self":[{"href":"https:\/\/posletrasufac.com\/en\/wp-json\/wp\/v2\/pages\/7410","targetHints":{"allow":["GET"]}}],"collection":[{"href":"https:\/\/posletrasufac.com\/en\/wp-json\/wp\/v2\/pages"}],"about":[{"href":"https:\/\/posletrasufac.com\/en\/wp-json\/wp\/v2\/types\/page"}],"author":[{"embeddable":true,"href":"https:\/\/posletrasufac.com\/en\/wp-json\/wp\/v2\/users\/65883018"}],"replies":[{"embeddable":true,"href":"https:\/\/posletrasufac.com\/en\/wp-json\/wp\/v2\/comments?post=7410"}],"version-history":[{"count":9,"href":"https:\/\/posletrasufac.com\/en\/wp-json\/wp\/v2\/pages\/7410\/revisions"}],"predecessor-version":[{"id":15010,"href":"https:\/\/posletrasufac.com\/en\/wp-json\/wp\/v2\/pages\/7410\/revisions\/15010"}],"wp:attachment":[{"href":"https:\/\/posletrasufac.com\/en\/wp-json\/wp\/v2\/media?parent=7410"}],"curies":[{"name":"wp","href":"https:\/\/api.w.org\/{rel}","templated":true}]}}