{"id":6733,"date":"2020-08-01T17:42:10","date_gmt":"2020-08-01T22:42:10","guid":{"rendered":"https:\/\/posletrasufac.com\/?page_id=6733"},"modified":"2022-05-15T13:35:18","modified_gmt":"2022-05-15T18:35:18","slug":"programa","status":"publish","type":"page","link":"https:\/\/posletrasufac.com\/en\/programa\/","title":{"rendered":"Internationalization"},"content":{"rendered":"<p class=\"wp-block-paragraph\"><strong>THE TRIPLE BORDER<\/strong><\/p>\n\n\n\n<p class=\"wp-block-paragraph\">In order to situate the internationalization, insertion and visibility of the PPGLI, some issues concerning the spatial or geopolitical location of the Federal University of Acre need to be highlighted. UFAC's university campus, in the city of Rio Branco, capital of the state of Acre, home to the PPGLI, is located in the region of the Brazil-Bolivia-Peru triple border, and within a radius of 730 kilometers from this city is the Bolivian capital, La Paz, with around 900,000 inhabitants, which can be reached in just 50 minutes by flight from the city of Cobija, capital of the Department of Pando, separated from the Acre city of Brasil\u00e9ia only by the River Acre. In the same direction, within 950 kilometers of the capital of Acre, is the city of Lima, the Peruvian capital, with around 12 million inhabitants, linked by a daily air network with the capital of the Department of Madre de Dios, Puerto Maldonado, which is connected to the city of Rio Branco by a road network that can be traveled in around six hours.<br><\/p>\n\n\n\n<p class=\"wp-block-paragraph\"><strong>INTERINSTITUTIONAL ADVICE<br><\/strong>The University has an Interinstitutional Cooperation Office which is currently coordinated by Prof. Dr. Josimar Batista Ferreira, Vice-Rector of Ufac, with the aim of \u201ccreating cooperation projects with the purpose of signing agreements and partnerships at state, national and international level\u201d. The advisor has maintained close dialogue with the program's actions as a way of institutionalizing ongoing actions, as well as those described in strategic planning.<br><br><strong>ACTIONS, STRUCTURE AND PHYSICAL SPACE TO HOUSE FOREIGN STUDENTS AND TEACHERS<\/strong><\/p>\n\n\n\n<p class=\"wp-block-paragraph\">The PPGLI has classrooms, study rooms, teacher\/research group rooms to welcome foreign teachers and students, as well as research laboratories to nucleate the research to be carried out, such as the Interculturality Laboratory, the Laboratory for the digitization, recovery and reproduction of documentary sources - Ceprodoc.<\/p>\n\n\n\n<p class=\"wp-block-paragraph\"><strong>ONLINE INTERCULTURAL EXCHANGE LABORATORY<\/strong><\/p>\n\n\n\n<p class=\"wp-block-paragraph\">The Online Intercultural Exchange Laboratory is linked to the Letters\/English course at Ufac and is a space for training undergraduates.  The Lab's activities focus on inter-institutional partnerships with foreign universities to carry out Teletandem activities between speakers of Portuguese and other languages.<\/p>\n\n\n\n<p class=\"wp-block-paragraph\"><strong>UFAC LANGUAGE CENTER<br><\/strong>The Ufac Language Center, in partnership with the PPGLI, also contributes by offering foreign language courses, as well as Portuguese as an Additional Language, for academic purposes, for both students and teachers in the program.<br><br><strong>PLACES FOR SPANISH SPEAKERS<\/strong><\/p>\n\n\n\n<p class=\"wp-block-paragraph\">Throughout the quadrennium (2017-2020), the PPGLI has systematically offered special places for Spanish-speakers in its selection notices as a way of establishing a policy to encourage development in postgraduate studies on the Latin American continent, especially in the Pan-Amazon region.<br><br><strong>REGULAR FOREIGN STUDENTS IN THE PROGRAM<br><\/strong>With his dissertation entitled \u201cNarrativas del descentramiento en La noche es virgen, de Jaime bayly, y la virgen de los sicarios, de Fernando Vallejo\u201d, defended and approved with merit on January 19, 2018, Jes\u00fas Jos\u00e9 Diez Canseco Carranza, a student on the Master's Degree in Letters: Language and Identity, became the first foreign master's student to complete his studies at Ufac's PPGLI, as part of the actions of the Program of Alliances for Education and Training (PAEC OEAS-GCUB), a joint initiative of the Organization of American States (OAS) and the Coimbra Group of Brazilian Universities (GCUB), with the support of the Division of Educational Issues of the Brazilian Ministry of Foreign Affairs (DCE\/MRE) and the Pan American Health Organization (PAHO\/WHO).<br><br>The Program of Alliances for Education and Training offers scholarships to citizens of OAS member states to pursue master's and doctoral studies at Brazilian universities that are associated with GCUB. Containing 152 pages, Jes\u00fas Jos\u00e9 Carranza's dissertation, under the guidance of Professor Dr. Gerson Rodrigues de Albuquerque, was completed within 24 months and was published in print by Nepan Editora, completing the cycle of research and defence with publication of the final work, an important step not only for internationalization, but for the full consolidation of postgraduate studies at the Federal University of Acre.<br><br>On August 31, 2019, the program held another master's defense of a foreign student, Teresa Di Somma, from Italy, whose title is \u201cRepresentations of race, gender and \u2018disability\u2019 at the Sanremo Italian Song Festival\u201d. The examining board included Prof. Dr. Miguel Nenev\u00e9 - Advisor (UFAC), Prof. Dr. Francisco Bento da Silva - Internal Examiner (UFAC) and Prof. Dr. Marcelo Alves Brum - External Examiner (UFAC).<br><br>The PPGLI currently has a doctoral student from Austria, Michael Franz Schmidlehner, who is carrying out research on sustainability discourses around the following themes: the Amazon, traditional knowledge, climate justice, society-nature relations.<br><\/p>\n\n\n\n<p class=\"wp-block-paragraph\"><strong>COURSES AND SUBJECTS WITH FOREIGN TEACHERS<br><\/strong>Regarding the participation of PPGLI students in courses at other PPGs, within the scope of internationalization actions, based on the partnership with the PPG-Letras of the School of Humanities of the Pontifical Catholic University of Rio Grande do Sul - PUCRS, it is important to note that in 2020, 10 students, including master's and doctoral students, participated as special students in the following courses offered remotely by the aforementioned PPG:<br><br>Foundations in Literary Studies Through Everyday Life Representations, ministrado pela Profa. Dra. Adina Balint (Universidade de Winnipeg\/Canad\u00e1).<br><br>Discourse Analysis: Theoretical-Methodological Assumptions, given by Prof. Dr. Dominique Maingueneau (University of Paris IV, Paris-Sorbonne).<br><br>During the months of September to October 2020, as part of the Margens e Fronteiras M\u00f3veis Extension Program, Prof. Luis Lopes Herrera taught the course \u201cPo\u00e9tica de la liberaci\u00f3n\u201d, with 30 places, remotely, from Quebec, Canada, for students, PPGLI teachers and the community outside Ufac. This extension program, coordinated by Prof. Dr. Gerson Albuquerque, has also allowed for the exchange of research with the participation of foreign professors invited to the Open Seminars promoted throughout 2020, with live broadcasts on the Ceprodoc Youtube Channel and on the PPGLI Facebook page. Among the main participations of guests from abroad, the following stand out: Open Seminar: I can't breathe\u201d, with Ana Pizarro (Universidad de Santiago de Chile), Rosa Acevedo (Federal University of Par\u00e1), Gersem Baniwa (Federal University of Amazonas), Bebel Nepomuceno (Federal University of ABC); Open Seminar: Literature in times of crisis, with Albino Chac\u00f3n (National University of Costa Rica) and Themes and problems of contemporary Latin American literature, with the same guest.<br><br><strong>INTERNATIONAL ACADEMIC-SCIENTIFIC MEETINGS<\/strong><\/p>\n\n\n\n<p class=\"wp-block-paragraph\">The program's internationalization, insertion and visibility activities have been coordinated in a unified way, especially when it comes to holding academic-scientific meetings in the area involving national and international research networks, which have resulted in a series of technical and bibliographic products.<br><br>The main international events held by the PPGLI in the four-year period are described below.<br><br>XIII Andean Days of Latin American Literature<br>Campus of the Federal University of Acre<br>August 6-11, 2018<br>From August 6 to 11, 2018, the XIII Andean Days of Latin American Literature took place in the city of Rio Branco - Acre, promoted by the Graduate Program in Letters: Language and Identity at the Federal University of Acre and funded by Capes and CNPq. The event, which is itinerant, was attended by hundreds of researchers from all regions of the country, as well as participants from other countries on the American and European continents. In total, there were 800 participants, including students, teachers and the external community, including primary school teachers. The event also marked the meeting of the JALLA Secretariat, which meets every two years in a country on the continent to present its reflections on issues of Latin American literature: Albino Chac\u00f3n - Universidad Nacional de Costa Rica; Carlos Garc\u00eda Bedoya Magui\u00f1a - Universidad Nacional Mayor de San Marcos, Peru; Elizabeth Monast\u00e9rios - University of Pittsburgh, USA; Enrique Rozas Paravicino - Universidad Nacional de San Antonio, Abad del Cusco, Peru; Fernando Moreno - Universidad de Poitiers, France; Gilbert Shang Ndi - Universidad de los Andes, Colombia; Guillermo Mariaca - Universidad Mayor de San Andr\u00e9s, Bolivia; Jos\u00e9 Javier Maristany, Universidad Nacional de La Pampa \/ Universidad Nacional de San Mart\u00edn, Argentina; Livia Reis Teixeira, Universidade Federal Fluminense, Brazil; Marcia Paraquett, Universidade Federal da Bahia, Brazil; Marco Thomas Bosshard, Europa-Universit\u00e4t Flensburg,<br><br>XIV Amazonian Languages and Identities Congress<br>Campus of the Federal University of Acre<br>November 26-27, 2020<br>The XIV Amazonian Languages and Identities Congress, held from November 26 to 27, 2020, by Ufac's PPGLI, took place remotely due to the COVID-19 pandemic. The event focused on the specific context of the pandemic and all its consequences. The event was broadcast online via the Ceprodoc YouTube channel and the PPGLI Facebook page. The conferences and thematic sessions can be accessed via the links below:<br>Thematic panel: Cartographies of a secular genocide: violence against indigenous peoples in the era of \u201cBrazil above all, God above all\u201d <a href=\"https:\/\/youtu.be\/J59LRP28p5M\" rel=\"nofollow\">https:\/\/youtu.be\/J59LRP28p5M<\/a><br>Ninawa Huni Kui (Coordinator of the Federation of the Huni Kui People of Acre - FEPHAC), Lindomar Padilha (Cimi\/Acre), Ivanilda Torres dos Santos (Coordinator of the Western Amazon Regional Cimi), Antonio Apurin\u00e3 (Indigenous leader)<br>Thematic panel: Emergency remote education: classless classes and privatizing rhetoric <a href=\"https:\/\/youtu.be\/oQe6CLumENE\" rel=\"nofollow\">https:\/\/youtu.be\/oQe6CLumENE<\/a><br>Eblin Farage (UFF) and Luis Bonilla-Molina (Centro Internacional de Investigaciones Otras Voces en Educaci\u00f3n - Clacso)<br>Conference: The word as mourning and struggle <a href=\"https:\/\/youtu.be\/OmmNdkmOdXQ\" rel=\"nofollow\">https:\/\/youtu.be\/OmmNdkmOdXQ<\/a><br>Durval Muniz de Albuquerque J\u00fanior (UFPE\/UFRN)<br><br>XIX Andean Days of Latin American Literature for Students<br>Campus of the Federal University of Acre<br>7th to 9th October 2020<br>The XIX Jornadas Andinas de Literatura Latinoamericana de Estudantes was organized by Ufac's PPGLI remotely from October 7 to 9, 2020, in the midst of the COVID-19 pandemic.  With the theme \u201cLatin American diversity: encounters and disencounters, perspectives for the 21st century\u201d, the event brought together researchers from all regions of Brazil and countries on the continent, either as part of the main program or as oral communicators. Out of a total of 421 registrants, 146 people, or 34.7%, were postgraduate students.<\/p>\n\n\n\n<p class=\"wp-block-paragraph\"><strong>PUBLICATION OF COLLECTIONS OF TEXTS IN DIFFERENT LANGUAGES<\/strong><\/p>\n\n\n\n<p class=\"wp-block-paragraph\">During the four-year period, PPGLI teachers and students published articles in international journals. These include:<br><br>Reflections on authorship and the art market in \u201cThe Darbot Museum\u201d, by Victor Giudice, written by PPGLI lecturer Yvon\u00e9lio Nery Ferreira and Mar\u00edlia Simari Crozara. Nueva Revista del Pac\u00edfico. Access link: <a href=\"https:\/\/bit.ly\/3vQvg8B\" rel=\"nofollow\">https:\/\/bit.ly\/3vQvg8B<\/a><br><br>\"Experimental\u201d Musical Practice and\/or the Politics of Self-Determination: A Sicilian Diasporic Perspective, by PPGLI lecturer Marcello Messina. Claves. Access link:&nbsp; <a href=\"https:\/\/bit.ly\/3c6XdAO&nbsp;&#038;nbsp\" rel=\"nofollow\">https:\/\/bit.ly\/3c6XdAO&nbsp;&#038;nbsp<\/a>;<br><br>&nbsp;\"Quando scrivo devo essere fedele a me stesso\": interview with Carmine Maresca, by PPGLI lecturer Marcello Messina. Claves. Access link: <a href=\"https:\/\/bit.ly\/2RPvEFz&nbsp;&#038;nbsp\" rel=\"nofollow\">https:\/\/bit.ly\/2RPvEFz&nbsp;&#038;nbsp<\/a>;<br><br>\"Blockchain and Smart Contracts: Capital's latest attempts to seize life on Earth\", authored by PPGLI doctoral student Michael Franz Schmidlehner. WRM Bulletin. Access link: <a href=\"https:\/\/bit.ly\/2SNfXys\" rel=\"nofollow\">https:\/\/bit.ly\/2SNfXys<\/a><br><br>\"Confluencia\", by PPGLI lecturer Yvon\u00e9lio Nery Ferreira and Daiana Nascimento dos Santos. Revista Hisp\u00e1nica de Cultura y Literatura 2328-6962. University of Northern Colorado. Access link: <a href=\"https:\/\/bit.ly\/2TuHk0S\" rel=\"nofollow\">https:\/\/bit.ly\/2TuHk0S<\/a><br><br>\"Interpretextos\", by PPGLI lecturer Yvon\u00e9lio Nery Ferreira. Semiannual Journal of Creation and Dissemination of the Humanities. Published by the University of Colima. Access link: <a href=\"https:\/\/bit.ly\/2R9MZIX\" rel=\"nofollow\">https:\/\/bit.ly\/2R9MZIX<\/a><\/p>","protected":false},"excerpt":{"rendered":"<p>A TR\u00cdPLICE FRONTEIRA Para situar a internacionaliza\u00e7\u00e3o, a inser\u00e7\u00e3o e a visibilidade do PPGLI, algumas quest\u00f5es que dizem respeito \u00e0 localiza\u00e7\u00e3o espacial ou geopol\u00edtica da Universidade Federal do Acre precisam ser ressaltadas. O campus universit\u00e1rio da UFAC, na cidade de<\/p>","protected":false},"author":65883018,"featured_media":0,"parent":0,"menu_order":0,"comment_status":"closed","ping_status":"closed","template":"","meta":{"_coblocks_attr":"","_coblocks_dimensions":"","_coblocks_responsive_height":"","_coblocks_accordion_ie_support":"","_crdt_document":"","advanced_seo_description":"","jetpack_seo_html_title":"","jetpack_seo_noindex":false,"jetpack_post_was_ever_published":false,"footnotes":""},"class_list":["post-6733","page","type-page","status-publish","hentry"],"jetpack_likes_enabled":false,"jetpack_sharing_enabled":true,"jetpack_shortlink":"https:\/\/wp.me\/P4Na16-1KB","amp_enabled":true,"_links":{"self":[{"href":"https:\/\/posletrasufac.com\/en\/wp-json\/wp\/v2\/pages\/6733","targetHints":{"allow":["GET"]}}],"collection":[{"href":"https:\/\/posletrasufac.com\/en\/wp-json\/wp\/v2\/pages"}],"about":[{"href":"https:\/\/posletrasufac.com\/en\/wp-json\/wp\/v2\/types\/page"}],"author":[{"embeddable":true,"href":"https:\/\/posletrasufac.com\/en\/wp-json\/wp\/v2\/users\/65883018"}],"replies":[{"embeddable":true,"href":"https:\/\/posletrasufac.com\/en\/wp-json\/wp\/v2\/comments?post=6733"}],"version-history":[{"count":6,"href":"https:\/\/posletrasufac.com\/en\/wp-json\/wp\/v2\/pages\/6733\/revisions"}],"predecessor-version":[{"id":9255,"href":"https:\/\/posletrasufac.com\/en\/wp-json\/wp\/v2\/pages\/6733\/revisions\/9255"}],"wp:attachment":[{"href":"https:\/\/posletrasufac.com\/en\/wp-json\/wp\/v2\/media?parent=6733"}],"curies":[{"name":"wp","href":"https:\/\/api.w.org\/{rel}","templated":true}]}}