{"id":67,"date":"2014-07-04T22:50:59","date_gmt":"2014-07-04T22:50:59","guid":{"rendered":"http:\/\/posletrasufac.com\/?page_id=67"},"modified":"2026-01-07T15:41:40","modified_gmt":"2026-01-07T20:41:40","slug":"area41","status":"publish","type":"page","link":"https:\/\/posletrasufac.com\/en\/area41\/","title":{"rendered":"Area Documents and CAPES Ordinances"},"content":{"rendered":"<figure class=\"wp-block-gallery has-nested-images columns-default is-cropped wp-block-gallery-1 is-layout-flex wp-block-gallery-is-layout-flex\">\n<figure class=\"wp-block-image size-large\"><a href=\"https:\/\/i0.wp.com\/posletrasufac.com\/wp-content\/uploads\/2026\/01\/1-1.jpg?ssl=1\"><img data-recalc-dims=\"1\" loading=\"lazy\" decoding=\"async\" width=\"750\" height=\"750\" data-attachment-id=\"17455\" data-permalink=\"https:\/\/posletrasufac.com\/en\/area41\/1-18\/\" data-orig-file=\"https:\/\/i0.wp.com\/posletrasufac.com\/wp-content\/uploads\/2026\/01\/1-1.jpg?fit=1080%2C1080&amp;ssl=1\" data-orig-size=\"1080,1080\" data-comments-opened=\"0\" data-image-meta=\"{&quot;aperture&quot;:&quot;0&quot;,&quot;credit&quot;:&quot;&quot;,&quot;camera&quot;:&quot;&quot;,&quot;caption&quot;:&quot;&quot;,&quot;created_timestamp&quot;:&quot;0&quot;,&quot;copyright&quot;:&quot;&quot;,&quot;focal_length&quot;:&quot;0&quot;,&quot;iso&quot;:&quot;0&quot;,&quot;shutter_speed&quot;:&quot;0&quot;,&quot;title&quot;:&quot;&quot;,&quot;orientation&quot;:&quot;1&quot;}\" data-image-title=\"1\" data-image-description=\"\" data-image-caption=\"\" data-large-file=\"https:\/\/i0.wp.com\/posletrasufac.com\/wp-content\/uploads\/2026\/01\/1-1.jpg?fit=750%2C750&amp;ssl=1\" data-id=\"17455\" src=\"https:\/\/i0.wp.com\/posletrasufac.com\/wp-content\/uploads\/2026\/01\/1-1.jpg?resize=750%2C750&#038;ssl=1\" alt=\"Jos\u00e9 Sueli de Magalh\u00e3es, coordenador da \u00c1rea 41 - CAPES, apresenta um semin\u00e1rio sobre Lingu\u00edstica e Literatura, em um evento comemorativo de 20 anos do PGGLI-UFAC. O fundo presenta gr\u00e1ficos e cores vibrantes.\" class=\"wp-image-17455\" srcset=\"https:\/\/i0.wp.com\/posletrasufac.com\/wp-content\/uploads\/2026\/01\/1-1.jpg?resize=1024%2C1024&amp;ssl=1 1024w, https:\/\/i0.wp.com\/posletrasufac.com\/wp-content\/uploads\/2026\/01\/1-1.jpg?resize=300%2C300&amp;ssl=1 300w, https:\/\/i0.wp.com\/posletrasufac.com\/wp-content\/uploads\/2026\/01\/1-1.jpg?resize=150%2C150&amp;ssl=1 150w, https:\/\/i0.wp.com\/posletrasufac.com\/wp-content\/uploads\/2026\/01\/1-1.jpg?resize=768%2C768&amp;ssl=1 768w, https:\/\/i0.wp.com\/posletrasufac.com\/wp-content\/uploads\/2026\/01\/1-1.jpg?resize=12%2C12&amp;ssl=1 12w, https:\/\/i0.wp.com\/posletrasufac.com\/wp-content\/uploads\/2026\/01\/1-1.jpg?resize=270%2C270&amp;ssl=1 270w, https:\/\/i0.wp.com\/posletrasufac.com\/wp-content\/uploads\/2026\/01\/1-1.jpg?resize=230%2C230&amp;ssl=1 230w, https:\/\/i0.wp.com\/posletrasufac.com\/wp-content\/uploads\/2026\/01\/1-1.jpg?w=1080&amp;ssl=1 1080w\" sizes=\"auto, (max-width: 750px) 100vw, 750px\" \/><\/a><\/figure>\n\n\n\n<figure class=\"wp-block-image size-large\"><a href=\"https:\/\/i0.wp.com\/posletrasufac.com\/wp-content\/uploads\/2026\/01\/2-1.jpg?ssl=1\"><img data-recalc-dims=\"1\" loading=\"lazy\" decoding=\"async\" width=\"750\" height=\"750\" data-attachment-id=\"17454\" data-permalink=\"https:\/\/posletrasufac.com\/en\/area41\/2-13\/\" data-orig-file=\"https:\/\/i0.wp.com\/posletrasufac.com\/wp-content\/uploads\/2026\/01\/2-1.jpg?fit=1080%2C1080&amp;ssl=1\" data-orig-size=\"1080,1080\" data-comments-opened=\"0\" data-image-meta=\"{&quot;aperture&quot;:&quot;0&quot;,&quot;credit&quot;:&quot;&quot;,&quot;camera&quot;:&quot;&quot;,&quot;caption&quot;:&quot;&quot;,&quot;created_timestamp&quot;:&quot;0&quot;,&quot;copyright&quot;:&quot;&quot;,&quot;focal_length&quot;:&quot;0&quot;,&quot;iso&quot;:&quot;0&quot;,&quot;shutter_speed&quot;:&quot;0&quot;,&quot;title&quot;:&quot;&quot;,&quot;orientation&quot;:&quot;1&quot;}\" data-image-title=\"2\" data-image-description=\"\" data-image-caption=\"\" data-large-file=\"https:\/\/i0.wp.com\/posletrasufac.com\/wp-content\/uploads\/2026\/01\/2-1.jpg?fit=750%2C750&amp;ssl=1\" data-id=\"17454\" src=\"https:\/\/i0.wp.com\/posletrasufac.com\/wp-content\/uploads\/2026\/01\/2-1.jpg?resize=750%2C750&#038;ssl=1\" alt=\"Imagem de Solange Fiuza Cardoso Yokozawa, coordenadora adjunta de programas acad\u00eamicos da CAPES, apresentando em um evento. A imagem est\u00e1 decorada com elementos gr\u00e1ficos coloridos e destaca o 20\u00ba anivers\u00e1rio do PPGLI-UFAC.\" class=\"wp-image-17454\" srcset=\"https:\/\/i0.wp.com\/posletrasufac.com\/wp-content\/uploads\/2026\/01\/2-1.jpg?resize=1024%2C1024&amp;ssl=1 1024w, https:\/\/i0.wp.com\/posletrasufac.com\/wp-content\/uploads\/2026\/01\/2-1.jpg?resize=300%2C300&amp;ssl=1 300w, https:\/\/i0.wp.com\/posletrasufac.com\/wp-content\/uploads\/2026\/01\/2-1.jpg?resize=150%2C150&amp;ssl=1 150w, https:\/\/i0.wp.com\/posletrasufac.com\/wp-content\/uploads\/2026\/01\/2-1.jpg?resize=768%2C768&amp;ssl=1 768w, https:\/\/i0.wp.com\/posletrasufac.com\/wp-content\/uploads\/2026\/01\/2-1.jpg?resize=12%2C12&amp;ssl=1 12w, https:\/\/i0.wp.com\/posletrasufac.com\/wp-content\/uploads\/2026\/01\/2-1.jpg?resize=270%2C270&amp;ssl=1 270w, https:\/\/i0.wp.com\/posletrasufac.com\/wp-content\/uploads\/2026\/01\/2-1.jpg?resize=230%2C230&amp;ssl=1 230w, https:\/\/i0.wp.com\/posletrasufac.com\/wp-content\/uploads\/2026\/01\/2-1.jpg?w=1080&amp;ssl=1 1080w\" sizes=\"auto, (max-width: 750px) 100vw, 750px\" \/><\/a><\/figure>\n\n\n\n<figure class=\"wp-block-image size-large\"><a href=\"https:\/\/i0.wp.com\/posletrasufac.com\/wp-content\/uploads\/2026\/01\/3-2.jpg?ssl=1\"><img data-recalc-dims=\"1\" loading=\"lazy\" decoding=\"async\" width=\"750\" height=\"750\" data-attachment-id=\"17453\" data-permalink=\"https:\/\/posletrasufac.com\/en\/area41\/3-15\/\" data-orig-file=\"https:\/\/i0.wp.com\/posletrasufac.com\/wp-content\/uploads\/2026\/01\/3-2.jpg?fit=1080%2C1080&amp;ssl=1\" data-orig-size=\"1080,1080\" data-comments-opened=\"0\" data-image-meta=\"{&quot;aperture&quot;:&quot;0&quot;,&quot;credit&quot;:&quot;&quot;,&quot;camera&quot;:&quot;&quot;,&quot;caption&quot;:&quot;&quot;,&quot;created_timestamp&quot;:&quot;0&quot;,&quot;copyright&quot;:&quot;&quot;,&quot;focal_length&quot;:&quot;0&quot;,&quot;iso&quot;:&quot;0&quot;,&quot;shutter_speed&quot;:&quot;0&quot;,&quot;title&quot;:&quot;&quot;,&quot;orientation&quot;:&quot;1&quot;}\" data-image-title=\"3\" data-image-description=\"\" data-image-caption=\"\" data-large-file=\"https:\/\/i0.wp.com\/posletrasufac.com\/wp-content\/uploads\/2026\/01\/3-2.jpg?fit=750%2C750&amp;ssl=1\" data-id=\"17453\" src=\"https:\/\/i0.wp.com\/posletrasufac.com\/wp-content\/uploads\/2026\/01\/3-2.jpg?resize=750%2C750&#038;ssl=1\" alt=\"Imagem de Luiza Helena Oliveira da Silva, coordenadora adjunta de programas profissionais da \u00e1rea 41 CAPES, durante um evento, segurando um microfone e com um controle remoto na m\u00e3o, com fundo decorado e texto destacando o 20\u00ba anivers\u00e1rio do PGGLI-UFAC.\" class=\"wp-image-17453\" srcset=\"https:\/\/i0.wp.com\/posletrasufac.com\/wp-content\/uploads\/2026\/01\/3-2.jpg?resize=1024%2C1024&amp;ssl=1 1024w, https:\/\/i0.wp.com\/posletrasufac.com\/wp-content\/uploads\/2026\/01\/3-2.jpg?resize=300%2C300&amp;ssl=1 300w, https:\/\/i0.wp.com\/posletrasufac.com\/wp-content\/uploads\/2026\/01\/3-2.jpg?resize=150%2C150&amp;ssl=1 150w, https:\/\/i0.wp.com\/posletrasufac.com\/wp-content\/uploads\/2026\/01\/3-2.jpg?resize=768%2C768&amp;ssl=1 768w, https:\/\/i0.wp.com\/posletrasufac.com\/wp-content\/uploads\/2026\/01\/3-2.jpg?resize=12%2C12&amp;ssl=1 12w, https:\/\/i0.wp.com\/posletrasufac.com\/wp-content\/uploads\/2026\/01\/3-2.jpg?resize=270%2C270&amp;ssl=1 270w, https:\/\/i0.wp.com\/posletrasufac.com\/wp-content\/uploads\/2026\/01\/3-2.jpg?resize=230%2C230&amp;ssl=1 230w, https:\/\/i0.wp.com\/posletrasufac.com\/wp-content\/uploads\/2026\/01\/3-2.jpg?w=1080&amp;ssl=1 1080w\" sizes=\"auto, (max-width: 750px) 100vw, 750px\" \/><\/a><\/figure>\n<\/figure>\n\n\n\n<h3 class=\"wp-block-heading\">Contato: 41.letr@capes.gov.br<\/h3>\n\n\n\n<hr class=\"wp-block-separator has-alpha-channel-opacity\"\/>\n\n\n\n<p class=\"wp-block-paragraph\">Avalia\u00e7\u00e3o Quadrienal 2029 (2025-2028)<\/p>\n\n\n\n<figure class=\"wp-block-table\"><table class=\"has-fixed-layout\"><thead><tr><th class=\"has-text-align-left\" data-align=\"left\">Disponibilizado na WEB\u2003<\/th><th class=\"has-text-align-left\" data-align=\"left\">Nome do documento\u2003<\/th><th class=\"has-text-align-left\" data-align=\"left\">Formatos dispon\u00edveis\u2003<\/th><\/tr><\/thead><tbody><tr><td>02\/05\/2025<\/td><td>Documento de \u00e1rea&nbsp;&nbsp;<\/td><td><a href=\"https:\/\/www.gov.br\/capes\/pt-br\/acesso-a-informacao\/acoes-e-programas\/avaliacao\/sobre-a-avaliacao\/areas-avaliacao\/sobre-as-areas-de-avaliacao\/colegio-de-humanidades\/linguistica-letras-e-artes\/LINGUIST_LITERATURA_DOCAREA_2025_2028.pdf\">PDF<\/a><\/td><\/tr><tr><td>02\/05\/2025<\/td><td>Ficha de avalia\u00e7\u00e3o<\/td><td><a href=\"https:\/\/www.gov.br\/capes\/pt-br\/acesso-a-informacao\/acoes-e-programas\/avaliacao\/sobre-a-avaliacao\/areas-avaliacao\/sobre-as-areas-de-avaliacao\/colegio-de-humanidades\/linguistica-letras-e-artes\/LINGUIST_LITERATURA_FICHA_2025_2028.pdf\">PDF<\/a><\/td><\/tr><tr><td>02\/05\/2025<\/td><td>Anexo da ficha<\/td><td><a href=\"https:\/\/www.gov.br\/capes\/pt-br\/acesso-a-informacao\/acoes-e-programas\/avaliacao\/sobre-a-avaliacao\/areas-avaliacao\/sobre-as-areas-de-avaliacao\/colegio-de-humanidades\/linguistica-letras-e-artes\/copy_of_LINGUIST_LITERATURA_ANEXO_FICHA_2025_2028.pdf\">PDF<\/a><\/td><\/tr><\/tbody><\/table><\/figure>\n\n\n\n<p class=\"wp-block-paragraph\">Avalia\u00e7\u00e3o Quadrienal 2025 (2021-2024)<\/p>\n\n\n\n<figure class=\"wp-block-table\"><table class=\"has-fixed-layout\"><thead><tr><th class=\"has-text-align-left\" data-align=\"left\">Disponibilizado na WEB<\/th><th class=\"has-text-align-left\" data-align=\"left\">Nome do documento<\/th><th class=\"has-text-align-left\" data-align=\"left\" colspan=\"3\">Formatos dispon\u00edveis<\/th><\/tr><\/thead><tbody><tr><td>29\/01\/2025<\/td><td><strong>Ficha de avalia\u00e7\u00e3o<\/strong>&nbsp;<em>(Ficha publicada em 13\/04\/20&nbsp;<\/em>e atualizada em 29\/01\/2025 quanto a Avalia\u00e7\u00e3o 2021-2024)<\/td><td><a href=\"https:\/\/www.gov.br\/capes\/pt-br\/acesso-a-informacao\/acoes-e-programas\/avaliacao\/sobre-a-avaliacao\/areas-avaliacao\/sobre-as-areas-de-avaliacao\/colegio-de-humanidades\/linguistica-letras-e-artes\/FICHA_LINGUISTICA.pdf\">PDF 430 KB<\/a><\/td><\/tr><tr><td>29\/01\/2025<\/td><td><strong>Tutorial para indica\u00e7\u00e3o de destaques<\/strong><\/td><td><a href=\"https:\/\/www.gov.br\/capes\/pt-br\/acesso-a-informacao\/acoes-e-programas\/avaliacao\/sobre-a-avaliacao\/areas-avaliacao\/sobre-as-areas-de-avaliacao\/colegio-de-humanidades\/linguistica-letras-e-artes\/22nov24_Tutorial_indicacao_linguistica_literatura_16_7.pdf\">PDF 843 KB<\/a><\/td><\/tr><tr><td>29\/01\/2025<\/td><td><strong>Orienta\u00e7\u00f5es quanto ao registro de Resultados e Produ\u00e7\u00f5es Intelectuais<\/strong><\/td><td><a href=\"https:\/\/www.gov.br\/capes\/pt-br\/acesso-a-informacao\/acoes-e-programas\/avaliacao\/sobre-a-avaliacao\/areas-avaliacao\/sobre-as-areas-de-avaliacao\/colegio-de-humanidades\/linguistica-letras-e-artes\/RPI_LINGUISTICA.pdf\">PDF 144 KB<\/a><\/td><\/tr><tr><td>19\/07\/2019<\/td><td><strong>Documento de \u00e1rea&nbsp;&nbsp;<\/strong><\/td><td><a href=\"https:\/\/www.gov.br\/capes\/pt-br\/centrais-de-conteudo\/linguistica-e-literatura-pdf\">PDF<\/a><br><a href=\"https:\/\/www.gov.br\/capes\/pt-br\/centrais-de-conteudo\/linguistica-e-literatura-pdf\">1019 KB<\/a><\/td><\/tr><\/tbody><\/table><\/figure>\n\n\n\n<p class=\"wp-block-paragraph\">Avalia\u00e7\u00e3o de Entrada (APCN)<\/p>\n\n\n\n<figure class=\"wp-block-table\"><table class=\"has-fixed-layout\"><thead><tr><th class=\"has-text-align-left\" data-align=\"left\">Disponibilizado na WEB<\/th><th class=\"has-text-align-left\" data-align=\"left\">Nome do documento<\/th><th class=\"has-text-align-left\" data-align=\"left\" colspan=\"3\">Formatos dispon\u00edveis<\/th><\/tr><\/thead><tbody><tr><td>20\/12\/2021<\/td><td><strong>Documento orientador APCN<br><\/strong><\/td><td><a href=\"https:\/\/www.gov.br\/capes\/pt-br\/centrais-de-conteudo\/documentos\/avaliacao\/LINGUISTICA_LITERATURA_APCN_2021.pdf\">&nbsp;PDF 609 KB<\/a><\/td><\/tr><tr><td>04\/08\/2023<\/td><td><strong>Documento orientador APCN<\/strong><\/td><td><a href=\"https:\/\/www.gov.br\/capes\/pt-br\/acesso-a-informacao\/acoes-e-programas\/avaliacao\/sobre-a-avaliacao\/areas-avaliacao\/sobre-as-areas-de-avaliacao\/colegio-de-humanidades\/linguistica-letras-e-artes\/Linguistica_Literatura_Documento_Orientador_APCN_2023.pdf\">PDF 317 KB<\/a><\/td><\/tr><\/tbody><\/table><\/figure>\n\n\n\n<p class=\"wp-block-paragraph\">Qualis<\/p>\n\n\n\n<figure class=\"wp-block-table\"><table class=\"has-fixed-layout\"><thead><tr><th class=\"has-text-align-left\" data-align=\"left\">Disponibilizado na WEB<\/th><th class=\"has-text-align-left\" data-align=\"left\">Nome do documento<\/th><th class=\"has-text-align-left\" data-align=\"left\" colspan=\"3\">Formatos dispon\u00edveis<\/th><\/tr><\/thead><tbody><tr><td>19\/07\/2019<\/td><td><strong>Relat\u00f3rio Crit\u00e9rios Qualis Peri\u00f3dicos Refer\u00eancia 2017\/18<\/strong><\/td><td><a href=\"https:\/\/www.gov.br\/capes\/pt-br\/centrais-de-conteudo\/relatorio-qualis-linguistica-2019-pdf\">PDF<\/a><br><a href=\"https:\/\/www.gov.br\/capes\/pt-br\/centrais-de-conteudo\/relatorio-qualis-linguistica-2019-pdf\">375 KB<\/a><\/td><\/tr><\/tbody><\/table><\/figure>\n\n\n\n<p class=\"wp-block-paragraph\">Semin\u00e1rio de Meio Termo&nbsp;<\/p>\n\n\n\n<figure class=\"wp-block-table\"><table class=\"has-fixed-layout\"><thead><tr><th class=\"has-text-align-left\" data-align=\"left\">Disponibilizado na WEB<\/th><th class=\"has-text-align-left\" data-align=\"left\">Nome do documento<\/th><th class=\"has-text-align-left\" data-align=\"left\" colspan=\"3\">Formatos dispon\u00edveis<\/th><\/tr><\/thead><tbody><tr><td>02\/11\/2023<\/td><td><strong>Programa\u00e7\u00e3o do Semin\u00e1rio de Meio Termo<\/strong><\/td><td><a href=\"https:\/\/www.gov.br\/capes\/pt-br\/acesso-a-informacao\/acoes-e-programas\/avaliacao\/sobre-a-avaliacao\/areas-avaliacao\/sobre-as-areas-de-avaliacao\/colegio-de-humanidades\/linguistica-letras-e-artes\/LINGUSTICAELITERATURA_pauta_SMT.pdf\">PDF 150 KB<\/a><\/td><\/tr><tr><td>21\/12\/2023<\/td><td><strong>Relat\u00f3rio do Semin\u00e1rio de Meio Termo<\/strong><\/td><td><a href=\"https:\/\/www.gov.br\/capes\/pt-br\/acesso-a-informacao\/acoes-e-programas\/avaliacao\/sobre-a-avaliacao\/areas-avaliacao\/sobre-as-areas-de-avaliacao\/colegio-de-humanidades\/linguistica-letras-e-artes\/LinLit_Relatorio_SMT_2023_41.pdf\">PDF<\/a><\/td><\/tr><\/tbody><\/table><\/figure>\n\n\n\n<p class=\"wp-block-paragraph\"><a href=\"https:\/\/www.gov.br\/capes\/pt-br\/acesso-a-informacao\/acoes-e-programas\/avaliacao\/sobre-a-avaliacao\/areas-avaliacao\/sobre-as-areas-de-avaliacao\/colegio-de-humanidades\/linguistica-letras-e-artes\/linguistica-e-literatura-memoria-da-area\">Lingu\u00edstica e Literatura &#8211; Mem\u00f3ria da \u00e1rea<\/a><\/p>\n\n\n\n<p class=\"wp-block-paragraph\"><strong>Letters and Linguistics Area Document<\/strong><\/p>\n\n\n\n<p class=\"wp-block-paragraph\"><a href=\"https:\/\/posletrasufac.com\/wp-content\/uploads\/2019\/07\/documento-da-c381rea-linguistica_e_literatura-2019.pdf\">Area Document 2019<\/a><\/p>\n\n\n\n<p class=\"wp-block-paragraph\"><a href=\"https:\/\/posletrasufac.com\/wp-content\/uploads\/2019\/01\/documento-de-\u00c1rea.pdf\">Area Document 2016<\/a><\/p>\n\n\n\n<p class=\"wp-block-paragraph\"><a href=\"https:\/\/posletrasufac.com\/wp-content\/uploads\/2014\/07\/documento-da-c3a1rea-letras_linguistica-20131.pdf\">Area Document 2013<\/a><\/p>\n\n\n\n<p class=\"wp-block-paragraph\"><strong>CAPES Ordinances<\/strong><\/p>\n\n\n\n<p class=\"wp-block-paragraph\"><a href=\"https:\/\/posletrasufac.com\/wp-content\/uploads\/2016\/07\/capes-portaria-nc2ba-81-de-3-de-junho-de-2016.pdf\">CAPES, Ordinance No. 81, of June 3, 2016<\/a> - Defines the categories of professors that make up the Graduate Programs (PPGs) <em>stricto sensu&nbsp;<\/em><\/p>\n\n\n\n<p class=\"wp-block-paragraph\"><a href=\"https:\/\/posletrasufac.com\/wp-content\/uploads\/2024\/08\/Portaria-Capes-133-de-10-de-julho-de-2023-Acumulo-de-bolsas-com-atividade-remunerada-1.pdf\">CAPES, Ordinance No. 133, of July 10, 2023 <\/a>- Regulates the accumulation of master's, doctoral and post-doctoral scholarships awarded by CAPES in the country with paid activity or other income.<\/p>\n\n\n\n<p class=\"wp-block-paragraph\"><a href=\"https:\/\/posletrasufac.com\/wp-content\/uploads\/2018\/03\/lei-n-13-536-de-15-de-dezembro-de-2017.docx\">Law n. 13.536 of December 15, 2017<\/a> - Provides for the extension of the term of scholarships granted by research funding agencies in cases of maternity and adoption.<\/p>\n\n\n\n<div class=\"wp-block-file\"><a id=\"wp-block-file--media-a99b1076-45bf-4339-93be-526d06d86da5\" href=\"https:\/\/posletrasufac.com\/wp-content\/uploads\/2022\/08\/Portaria-76-2010-Sobre-a-Bolsa-de-Demanda-Social.pdf\" target=\"_blank\" rel=\"noreferrer noopener\">Ordinance No. 76 of April 14, 2010 - Regulation of the Social Demand Program (Scholarships) <\/a><\/div>\n\n\n\n<p class=\"wp-block-paragraph\"><a href=\"https:\/\/www.gov.br\/capes\/pt-br\/acesso-a-informacao\/acoes-e-programas\/avaliacao\/sobre-a-avaliacao\/areas-avaliacao\/sobre-as-areas-de-avaliacao\/colegio-de-humanidades\/linguistica-letras-e-artes\/linguistica-e-literatura\">Site da \u00c1rea<\/a><\/p>\n\n\n\n<p class=\"wp-block-paragraph\"><strong>SOBRE A COORDENA\u00c7\u00c3O DE \u00c1REA<\/strong><\/p>\n\n\n\n<p class=\"wp-block-paragraph\">Jos\u00e9 Sueli de Magalh\u00e3es<\/p>\n\n\n\n<p class=\"wp-block-paragraph\">Coordenador da \u00c1rea de Lingu\u00edstica e Literatura <\/p>\n\n\n\n<p class=\"wp-block-paragraph\">Professor Titular na Universidade Federal de Uberl\u00e2ndia (UFU), atua nos Cursos de Gradua\u00e7\u00e3o em Letras e no Programa de P\u00f3s-Gradua\u00e7\u00e3o em Estudos Lingu\u00edsticos, orientando Mestrado e Doutorado. \u00c9 Mestre e Doutor em Estudos Lingu\u00edsticos, com doutorado Sandu\u00edche na Tilburg University. Foi pesquisador visitante na Universidade de Lisboa em 2022 e \u00e9 Coordenador da \u00c1rea 41 Lingu\u00edstica e Literatura da DAV\/CAPES. Desde 2017, \u00e9 Delegado da ALFAL e coordena o Projeto 19 (Fonologia: Teoria e An\u00e1lise). Suas pesquisas focam em Fonologia, Varia\u00e7\u00e3o Fonol\u00f3gica, Morfofonologia e Ensino..<\/p>\n\n\n\n<p class=\"wp-block-paragraph\">Solange Fiuza Cardoso Yokozawa<\/p>\n\n\n\n<p class=\"wp-block-paragraph\">Coordenadora Adjunta de Programas Acad\u00eamicos <\/p>\n\n\n\n<p class=\"wp-block-paragraph\">Professora titular na Universidade Federal de Goi\u00e1s desde 2002 e membro do Programa de P\u00f3s-Gradua\u00e7\u00e3o em Letras e Lingu\u00edstica desde 2004. \u00c9 Consultora Externa do CITCEM (Universidade do Porto). Doutorou-se em Letras (Literatura Brasileira) na UFRGS em 2000, com a tese que originou o livro &#8220;A mem\u00f3ria l\u00edrica de Mario Quintana&#8221;. Realizou p\u00f3s-doutorados em 2015 e de 2021-2022, focando em Ces\u00e1rio Verde, Jo\u00e3o Cabral de Melo Neto e sua recep\u00e7\u00e3o em Portugal. L\u00edder do Grupo Estudos de Poesia Brasileira Moderna e Contempor\u00e2nea. Sua pesquisa abrange poesia brasileira, di\u00e1logos Brasil-Portugal e poetas como Jo\u00e3o Cabral, Mario Quintana, e outros.<\/p>\n\n\n\n<p class=\"wp-block-paragraph\">Luiza Helena Oliveira da Silva<\/p>\n\n\n\n<p class=\"wp-block-paragraph\">Coordenadora Adjunta de Programas Profissionais<\/p>\n\n\n\n<p class=\"wp-block-paragraph\">Graduada em Letras pelo Centro Universit\u00e1rio de Barra Mansa, mestre e doutora em Letras pela Universidade Federal Fluminense. Realizou p\u00f3s-doutorado em sociossemi\u00f3tica no CEVIPOF-CNRS (2013\/2014) com bolsa CAPES. \u00c9 professora associada na Universidade Federal do Norte do Tocantins, atuando em cursos de Licenciatura em Letras, ProfLetras e no PPGLLIT. Tem experi\u00eancia em Lingu\u00edstica, focando em semi\u00f3tica discursiva, mem\u00f3ria na forma\u00e7\u00e3o de professores e literatura na ditadura. Integra o grupo de pesquisa SEDI e coordena o GESTO. Membro da Academia de Letras de Aragua\u00edna e do grupo de estudos feministas Coletivas Raimundas.&nbsp;<\/p>","protected":false},"excerpt":{"rendered":"<p>Contato: 41.letr@capes.gov.br Avalia\u00e7\u00e3o Quadrienal 2029 (2025-2028) Disponibilizado na WEB\u2003 Nome do documento\u2003 Formatos dispon\u00edveis\u2003 02\/05\/2025 Documento de \u00e1rea&nbsp;&nbsp; PDF 02\/05\/2025 Ficha de avalia\u00e7\u00e3o PDF 02\/05\/2025 Anexo da ficha PDF Avalia\u00e7\u00e3o Quadrienal 2025 (2021-2024) Disponibilizado na WEB Nome do documento Formatos<\/p>","protected":false},"author":65883018,"featured_media":0,"parent":0,"menu_order":2,"comment_status":"closed","ping_status":"closed","template":"","meta":{"_coblocks_attr":"","_coblocks_dimensions":"","_coblocks_responsive_height":"","_coblocks_accordion_ie_support":"","_crdt_document":"","advanced_seo_description":"","jetpack_seo_html_title":"","jetpack_seo_noindex":false,"jetpack_post_was_ever_published":false,"footnotes":""},"class_list":["post-67","page","type-page","status-publish","hentry"],"jetpack_likes_enabled":false,"jetpack_sharing_enabled":true,"jetpack_shortlink":"https:\/\/wp.me\/P4Na16-15","amp_enabled":true,"_links":{"self":[{"href":"https:\/\/posletrasufac.com\/en\/wp-json\/wp\/v2\/pages\/67","targetHints":{"allow":["GET"]}}],"collection":[{"href":"https:\/\/posletrasufac.com\/en\/wp-json\/wp\/v2\/pages"}],"about":[{"href":"https:\/\/posletrasufac.com\/en\/wp-json\/wp\/v2\/types\/page"}],"author":[{"embeddable":true,"href":"https:\/\/posletrasufac.com\/en\/wp-json\/wp\/v2\/users\/65883018"}],"replies":[{"embeddable":true,"href":"https:\/\/posletrasufac.com\/en\/wp-json\/wp\/v2\/comments?post=67"}],"version-history":[{"count":38,"href":"https:\/\/posletrasufac.com\/en\/wp-json\/wp\/v2\/pages\/67\/revisions"}],"predecessor-version":[{"id":17487,"href":"https:\/\/posletrasufac.com\/en\/wp-json\/wp\/v2\/pages\/67\/revisions\/17487"}],"wp:attachment":[{"href":"https:\/\/posletrasufac.com\/en\/wp-json\/wp\/v2\/media?parent=67"}],"curies":[{"name":"wp","href":"https:\/\/api.w.org\/{rel}","templated":true}]}}