{"id":6453,"date":"2020-07-29T13:14:05","date_gmt":"2020-07-29T18:14:05","guid":{"rendered":"https:\/\/posletrasufac.com\/?page_id=6453"},"modified":"2022-07-01T09:30:17","modified_gmt":"2022-07-01T14:30:17","slug":"matricula","status":"publish","type":"page","link":"https:\/\/posletrasufac.com\/en\/matricula\/","title":{"rendered":"Registration"},"content":{"rendered":"<p class=\"wp-block-paragraph\">Every semester, the entire PPGLI student community must apply for enrollment, including in the semesters in which the Dissertation or Thesis is being prepared and defended, by means of a specific application sent to the Secretariat, on dates previously established by the PPGLI Board and published on the Program's website. The electronic forms are made available on this page in due course.<\/p>\n\n\n\n<hr class=\"wp-block-separator has-alpha-channel-opacity\"\/>","protected":false},"excerpt":{"rendered":"<p>Semestralmente, toda a comunidade discente do PPGLI dever\u00e1 solicitar matr\u00edcula, inclusive nos semestres de elabora\u00e7\u00e3o e de defesa de Disserta\u00e7\u00e3o ou Tese, por meio de requerimento pr\u00f3prio encaminhado \u00e0 Secretaria, em datas previamente estabelecidas pelo Colegiado do PPGLI e publicadas<\/p>","protected":false},"author":65883018,"featured_media":0,"parent":0,"menu_order":0,"comment_status":"closed","ping_status":"closed","template":"","meta":{"_coblocks_attr":"","_coblocks_dimensions":"","_coblocks_responsive_height":"","_coblocks_accordion_ie_support":"","_crdt_document":"","advanced_seo_description":"","jetpack_seo_html_title":"","jetpack_seo_noindex":false,"footnotes":""},"class_list":["post-6453","page","type-page","status-publish","hentry"],"jetpack_likes_enabled":false,"jetpack_sharing_enabled":true,"jetpack_shortlink":"https:\/\/wp.me\/P4Na16-1G5","amp_enabled":true,"_links":{"self":[{"href":"https:\/\/posletrasufac.com\/en\/wp-json\/wp\/v2\/pages\/6453","targetHints":{"allow":["GET"]}}],"collection":[{"href":"https:\/\/posletrasufac.com\/en\/wp-json\/wp\/v2\/pages"}],"about":[{"href":"https:\/\/posletrasufac.com\/en\/wp-json\/wp\/v2\/types\/page"}],"author":[{"embeddable":true,"href":"https:\/\/posletrasufac.com\/en\/wp-json\/wp\/v2\/users\/65883018"}],"replies":[{"embeddable":true,"href":"https:\/\/posletrasufac.com\/en\/wp-json\/wp\/v2\/comments?post=6453"}],"version-history":[{"count":12,"href":"https:\/\/posletrasufac.com\/en\/wp-json\/wp\/v2\/pages\/6453\/revisions"}],"predecessor-version":[{"id":9533,"href":"https:\/\/posletrasufac.com\/en\/wp-json\/wp\/v2\/pages\/6453\/revisions\/9533"}],"wp:attachment":[{"href":"https:\/\/posletrasufac.com\/en\/wp-json\/wp\/v2\/media?parent=6453"}],"curies":[{"name":"wp","href":"https:\/\/api.w.org\/{rel}","templated":true}]}}