{"id":12847,"date":"2024-03-22T15:48:39","date_gmt":"2024-03-22T20:48:39","guid":{"rendered":"https:\/\/posletrasufac.com\/?page_id=12847"},"modified":"2025-04-14T10:11:38","modified_gmt":"2025-04-14T15:11:38","slug":"credenciamento-de-docentes","status":"publish","type":"page","link":"https:\/\/posletrasufac.com\/en\/credenciamento-de-docentes\/","title":{"rendered":"Professor accreditation"},"content":{"rendered":"<p class=\"wp-block-paragraph\">In accordance with the Internal Regulations of the Graduate Program in Letters: Language and Identity, the request for accreditation of new professors to the PPGLI can be made on a continuous basis, and the accreditation itself will only be carried out at the beginning of each quadrennium, after analysis and approval by the Program Board, observing the specific needs of replacing professors, strengthening lines of research or nucleating thematic areas for the expansion of research and other strategic actions.<br>People interested in joining the teaching staff must submit a request to the PPGLI Coordination Office accompanied by an academic production file for the last 5 (five) years, a link to the curriculum in the Lattes Platform that has been duly updated and a copy of the institutional research project that adheres to one of the Program's Lines of Research.<br>More detailed information on the criteria and requirements for the accreditation and re-accreditation of professors to the PPGLI can be found at <a href=\"https:\/\/posletrasufac.com\/en\/regimentos-e-resolucoes\/\">Internal Regulations of the Program<\/a>.<\/p>\n\n\n\n<p class=\"wp-block-paragraph\"><\/p>","protected":false},"excerpt":{"rendered":"<p>Em conformidade com o que determina o Regimento Interno do Programa de P\u00f3s-Gradua\u00e7\u00e3o em Letras: Linguagem e Identidade, a solicita\u00e7\u00e3o de credenciamento de novos docentes ao PPGLI poder\u00e1 ser feita em fluxo cont\u00ednuo, sendo que o credenciamento em si somente<\/p>","protected":false},"author":65883018,"featured_media":0,"parent":0,"menu_order":0,"comment_status":"closed","ping_status":"closed","template":"","meta":{"_coblocks_attr":"","_coblocks_dimensions":"","_coblocks_responsive_height":"","_coblocks_accordion_ie_support":"","_crdt_document":"","advanced_seo_description":"","jetpack_seo_html_title":"","jetpack_seo_noindex":false,"jetpack_post_was_ever_published":false,"footnotes":""},"class_list":["post-12847","page","type-page","status-publish","hentry"],"jetpack_likes_enabled":false,"jetpack_sharing_enabled":true,"jetpack_shortlink":"https:\/\/wp.me\/P4Na16-3ld","amp_enabled":true,"_links":{"self":[{"href":"https:\/\/posletrasufac.com\/en\/wp-json\/wp\/v2\/pages\/12847","targetHints":{"allow":["GET"]}}],"collection":[{"href":"https:\/\/posletrasufac.com\/en\/wp-json\/wp\/v2\/pages"}],"about":[{"href":"https:\/\/posletrasufac.com\/en\/wp-json\/wp\/v2\/types\/page"}],"author":[{"embeddable":true,"href":"https:\/\/posletrasufac.com\/en\/wp-json\/wp\/v2\/users\/65883018"}],"replies":[{"embeddable":true,"href":"https:\/\/posletrasufac.com\/en\/wp-json\/wp\/v2\/comments?post=12847"}],"version-history":[{"count":4,"href":"https:\/\/posletrasufac.com\/en\/wp-json\/wp\/v2\/pages\/12847\/revisions"}],"predecessor-version":[{"id":15116,"href":"https:\/\/posletrasufac.com\/en\/wp-json\/wp\/v2\/pages\/12847\/revisions\/15116"}],"wp:attachment":[{"href":"https:\/\/posletrasufac.com\/en\/wp-json\/wp\/v2\/media?parent=12847"}],"curies":[{"name":"wp","href":"https:\/\/api.w.org\/{rel}","templated":true}]}}